{"id":119034,"date":"2022-05-20T12:20:44","date_gmt":"2022-05-20T10:20:49","guid":{"rendered":"https:\/\/www.laperlavalles.cat\/product\/cantu-acc-style-part-twist-set\/"},"modified":"2025-01-29T10:24:56","modified_gmt":"2025-01-29T09:24:56","slug":"cantu-acc-style-part-twist-set","status":"publish","type":"product","link":"https:\/\/www.laperlavalles.cat\/ca\/producte\/cantu-acc-style-part-twist-set\/","title":{"rendered":"CANTU ACC STYLE PART &amp; TWIST SET"},"content":{"rendered":"<p>Aquest set inclou una pinta espiral de disseny exclusiu i una pinta de cua met\u00e0l\u00b7lic. La pinta en espiral est\u00e0 dissenyada amb pues m\u00e9s curtes i amples i un m\u00e0nec rod\u00f3 per a una rotaci\u00f3 m\u00e9s r\u00e0pida en crear tirabuixons. La pinta met\u00e0l\u00b7lica es pot utilitzar per crear ratlla amb precisi\u00f3.<\/p>\n","protected":false},"excerpt":{"rendered":"<p>Aquest set inclou una pinta espiral de disseny exclusiu i una pinta de cua met\u00e0l\u00b7lic. La pinta en espiral est\u00e0 dissenyada amb pues m\u00e9s curtes i<span class=\"excerpt-hellip\"> [\u2026]<\/span><\/p>\n","protected":false},"featured_media":173814,"comment_status":"open","ping_status":"closed","template":"","meta":[],"product_cat":[10617],"product_tag":[],"_links":{"self":[{"href":"https:\/\/www.laperlavalles.cat\/ca\/wp-json\/wp\/v2\/product\/119034"}],"collection":[{"href":"https:\/\/www.laperlavalles.cat\/ca\/wp-json\/wp\/v2\/product"}],"about":[{"href":"https:\/\/www.laperlavalles.cat\/ca\/wp-json\/wp\/v2\/types\/product"}],"replies":[{"embeddable":true,"href":"https:\/\/www.laperlavalles.cat\/ca\/wp-json\/wp\/v2\/comments?post=119034"}],"wp:featuredmedia":[{"embeddable":true,"href":"https:\/\/www.laperlavalles.cat\/ca\/wp-json\/wp\/v2\/media\/173814"}],"wp:attachment":[{"href":"https:\/\/www.laperlavalles.cat\/ca\/wp-json\/wp\/v2\/media?parent=119034"}],"wp:term":[{"taxonomy":"product_cat","embeddable":true,"href":"https:\/\/www.laperlavalles.cat\/ca\/wp-json\/wp\/v2\/product_cat?post=119034"},{"taxonomy":"product_tag","embeddable":true,"href":"https:\/\/www.laperlavalles.cat\/ca\/wp-json\/wp\/v2\/product_tag?post=119034"}],"curies":[{"name":"wp","href":"https:\/\/api.w.org\/{rel}","templated":true}]}}