{"id":119154,"date":"2022-05-20T12:36:29","date_gmt":"2022-05-20T10:36:34","guid":{"rendered":"https:\/\/www.laperlavalles.cat\/product\/cantu-acc-texture-easy-wrap\/"},"modified":"2024-07-04T15:47:59","modified_gmt":"2024-07-04T13:47:59","slug":"cantu-acc-texture-easy-wrap","status":"publish","type":"product","link":"https:\/\/www.laperlavalles.cat\/ca\/producte\/cantu-acc-texture-easy-wrap\/","title":{"rendered":"CANTU ACC TEXTURE EASY WRAP"},"content":{"rendered":"<p>La Perla disposa d\u00b4una \u00e0mplia gamma de productes cosm\u00e8tics de la prestigiosa marca Cantu.<br \/>\nConsulta el nostre cat\u00e0leg per veure la gamma completa d&#8217;accessoris per als cabells Cantu, especials per a cabells afros, cabells texturitzats i cabells arrissats.<\/p>\n","protected":false},"excerpt":{"rendered":"<p>La Perla disposa d\u00b4una \u00e0mplia gamma de productes cosm\u00e8tics de la prestigiosa marca Cantu. Consulta el nostre cat\u00e0leg per veure la gamma completa d&#8217;accessoris per als<span class=\"excerpt-hellip\"> [\u2026]<\/span><\/p>\n","protected":false},"featured_media":173542,"comment_status":"open","ping_status":"closed","template":"","meta":[],"product_cat":[10617],"product_tag":[],"_links":{"self":[{"href":"https:\/\/www.laperlavalles.cat\/ca\/wp-json\/wp\/v2\/product\/119154"}],"collection":[{"href":"https:\/\/www.laperlavalles.cat\/ca\/wp-json\/wp\/v2\/product"}],"about":[{"href":"https:\/\/www.laperlavalles.cat\/ca\/wp-json\/wp\/v2\/types\/product"}],"replies":[{"embeddable":true,"href":"https:\/\/www.laperlavalles.cat\/ca\/wp-json\/wp\/v2\/comments?post=119154"}],"wp:featuredmedia":[{"embeddable":true,"href":"https:\/\/www.laperlavalles.cat\/ca\/wp-json\/wp\/v2\/media\/173542"}],"wp:attachment":[{"href":"https:\/\/www.laperlavalles.cat\/ca\/wp-json\/wp\/v2\/media?parent=119154"}],"wp:term":[{"taxonomy":"product_cat","embeddable":true,"href":"https:\/\/www.laperlavalles.cat\/ca\/wp-json\/wp\/v2\/product_cat?post=119154"},{"taxonomy":"product_tag","embeddable":true,"href":"https:\/\/www.laperlavalles.cat\/ca\/wp-json\/wp\/v2\/product_tag?post=119154"}],"curies":[{"name":"wp","href":"https:\/\/api.w.org\/{rel}","templated":true}]}}