{"id":123426,"date":"2022-06-18T09:01:51","date_gmt":"2022-06-18T07:01:57","guid":{"rendered":"https:\/\/www.laperlavalles.cat\/product\/salsa-teriyaki-marinade-kikkoman-250ml\/"},"modified":"2024-10-02T09:29:36","modified_gmt":"2024-10-02T07:29:36","slug":"salsa-teriyaki-marinade-kikkoman-250ml","status":"publish","type":"product","link":"https:\/\/www.laperlavalles.cat\/ca\/producte\/salsa-teriyaki-marinade-kikkoman-250ml\/","title":{"rendered":"SALSA TERIYAKI MARINADE KIKKOMAN 250ML"},"content":{"rendered":"<p>Salsa Teriyaki Marinade Kikkoman.<br \/>\nLa salsa teriyaki marinade de kikkoman \u00e9s la cl\u00e0ssica i inconfusible salsa per marinar carn, peix o verdures. Els d\u00f3na un sabor inconfusible, sobretot cuinades a la barbacoa.<br \/>\nProductes Alimentaris La Perla \u00e9s distribu\u00efdor de productes orientals.<\/p>\n","protected":false},"excerpt":{"rendered":"<p>Salsa Teriyaki Marinade Kikkoman. La salsa teriyaki marinade de kikkoman \u00e9s la cl\u00e0ssica i inconfusible salsa per marinar carn, peix o verdures. Els d\u00f3na un sabor<span class=\"excerpt-hellip\"> [\u2026]<\/span><\/p>\n","protected":false},"featured_media":165206,"comment_status":"open","ping_status":"closed","template":"","meta":[],"product_cat":[8411,8504],"product_tag":[],"_links":{"self":[{"href":"https:\/\/www.laperlavalles.cat\/ca\/wp-json\/wp\/v2\/product\/123426"}],"collection":[{"href":"https:\/\/www.laperlavalles.cat\/ca\/wp-json\/wp\/v2\/product"}],"about":[{"href":"https:\/\/www.laperlavalles.cat\/ca\/wp-json\/wp\/v2\/types\/product"}],"replies":[{"embeddable":true,"href":"https:\/\/www.laperlavalles.cat\/ca\/wp-json\/wp\/v2\/comments?post=123426"}],"wp:featuredmedia":[{"embeddable":true,"href":"https:\/\/www.laperlavalles.cat\/ca\/wp-json\/wp\/v2\/media\/165206"}],"wp:attachment":[{"href":"https:\/\/www.laperlavalles.cat\/ca\/wp-json\/wp\/v2\/media?parent=123426"}],"wp:term":[{"taxonomy":"product_cat","embeddable":true,"href":"https:\/\/www.laperlavalles.cat\/ca\/wp-json\/wp\/v2\/product_cat?post=123426"},{"taxonomy":"product_tag","embeddable":true,"href":"https:\/\/www.laperlavalles.cat\/ca\/wp-json\/wp\/v2\/product_tag?post=123426"}],"curies":[{"name":"wp","href":"https:\/\/api.w.org\/{rel}","templated":true}]}}