{"id":124022,"date":"2022-06-30T15:02:51","date_gmt":"2022-06-30T13:02:55","guid":{"rendered":"https:\/\/www.laperlavalles.cat\/product\/civada-quaker-la-legitima-500gr\/"},"modified":"2023-06-23T11:05:41","modified_gmt":"2023-06-23T09:05:41","slug":"civada-quaker-la-legitima-500gr","status":"publish","type":"product","link":"https:\/\/www.laperlavalles.cat\/ca\/producte\/civada-quaker-la-legitima-500gr\/","title":{"rendered":"CIVADA QUAKER LA LEG\u00cdTIMA 500GR"},"content":{"rendered":"<p>Civada blanca de cocci\u00f3 r\u00e0pida. <\/p>\n","protected":false},"excerpt":{"rendered":"<p>Civada blanca de cocci\u00f3 r\u00e0pida.<\/p>\n","protected":false},"featured_media":165366,"comment_status":"open","ping_status":"closed","template":"","meta":[],"product_cat":[8406,8509],"product_tag":[],"_links":{"self":[{"href":"https:\/\/www.laperlavalles.cat\/ca\/wp-json\/wp\/v2\/product\/124022"}],"collection":[{"href":"https:\/\/www.laperlavalles.cat\/ca\/wp-json\/wp\/v2\/product"}],"about":[{"href":"https:\/\/www.laperlavalles.cat\/ca\/wp-json\/wp\/v2\/types\/product"}],"replies":[{"embeddable":true,"href":"https:\/\/www.laperlavalles.cat\/ca\/wp-json\/wp\/v2\/comments?post=124022"}],"wp:featuredmedia":[{"embeddable":true,"href":"https:\/\/www.laperlavalles.cat\/ca\/wp-json\/wp\/v2\/media\/165366"}],"wp:attachment":[{"href":"https:\/\/www.laperlavalles.cat\/ca\/wp-json\/wp\/v2\/media?parent=124022"}],"wp:term":[{"taxonomy":"product_cat","embeddable":true,"href":"https:\/\/www.laperlavalles.cat\/ca\/wp-json\/wp\/v2\/product_cat?post=124022"},{"taxonomy":"product_tag","embeddable":true,"href":"https:\/\/www.laperlavalles.cat\/ca\/wp-json\/wp\/v2\/product_tag?post=124022"}],"curies":[{"name":"wp","href":"https:\/\/api.w.org\/{rel}","templated":true}]}}