{"id":124142,"date":"2022-06-30T15:30:00","date_gmt":"2022-06-30T13:30:05","guid":{"rendered":"https:\/\/www.laperlavalles.cat\/product\/almivar-mangosta-aroy-d\/"},"modified":"2024-01-08T12:20:54","modified_gmt":"2024-01-08T11:20:54","slug":"almivar-mangosta-aroy-d","status":"publish","type":"product","link":"https:\/\/www.laperlavalles.cat\/ca\/producte\/almivar-mangosta-aroy-d\/","title":{"rendered":"ALM\u00cdVAR MANGOST\u00c0 AROY-D"},"content":{"rendered":"<p>Consulta el nostre cat\u00e0leg de conserves orientals: mango en conserva, lychee en conserva, jackfruit en conserva, bamboo en conserva, banana blossom en conserva&#8230;<\/p>\n","protected":false},"excerpt":{"rendered":"<p>Consulta el nostre cat\u00e0leg de conserves orientals: mango en conserva, lychee en conserva, jackfruit en conserva, bamboo en conserva, banana blossom en conserva&#8230;<\/p>\n","protected":false},"featured_media":143493,"comment_status":"open","ping_status":"closed","template":"","meta":[],"product_cat":[8506,8411],"product_tag":[],"_links":{"self":[{"href":"https:\/\/www.laperlavalles.cat\/ca\/wp-json\/wp\/v2\/product\/124142"}],"collection":[{"href":"https:\/\/www.laperlavalles.cat\/ca\/wp-json\/wp\/v2\/product"}],"about":[{"href":"https:\/\/www.laperlavalles.cat\/ca\/wp-json\/wp\/v2\/types\/product"}],"replies":[{"embeddable":true,"href":"https:\/\/www.laperlavalles.cat\/ca\/wp-json\/wp\/v2\/comments?post=124142"}],"wp:featuredmedia":[{"embeddable":true,"href":"https:\/\/www.laperlavalles.cat\/ca\/wp-json\/wp\/v2\/media\/143493"}],"wp:attachment":[{"href":"https:\/\/www.laperlavalles.cat\/ca\/wp-json\/wp\/v2\/media?parent=124142"}],"wp:term":[{"taxonomy":"product_cat","embeddable":true,"href":"https:\/\/www.laperlavalles.cat\/ca\/wp-json\/wp\/v2\/product_cat?post=124142"},{"taxonomy":"product_tag","embeddable":true,"href":"https:\/\/www.laperlavalles.cat\/ca\/wp-json\/wp\/v2\/product_tag?post=124142"}],"curies":[{"name":"wp","href":"https:\/\/api.w.org\/{rel}","templated":true}]}}