{"id":124342,"date":"2022-07-05T12:17:40","date_gmt":"2022-07-05T10:17:45","guid":{"rendered":"https:\/\/www.laperlavalles.cat\/product\/conserva-de-bambu-aroy-d-tires-2950gr\/"},"modified":"2023-03-30T12:43:10","modified_gmt":"2023-03-30T10:43:10","slug":"conserva-de-bambu-aroy-d-tires-2950gr","status":"publish","type":"product","link":"https:\/\/www.laperlavalles.cat\/ca\/producte\/conserva-de-bambu-aroy-d-tires-2950gr\/","title":{"rendered":"CONSERVA DE BAMB\u00da AROY-D (TIRES) 2950GR"},"content":{"rendered":"<p>La conserva de bamb\u00fa Aroy-D \u00e9s una conserva en aigua de fruita tropical ideal per a consumir tot l&#8217;any. Som prove\u00efdors de fruita tropical fresca, i fruita tropical en conserva. Contacta amb La Perla per a vendre fruita tropical. <\/p>\n","protected":false},"excerpt":{"rendered":"<p>La conserva de bamb\u00fa Aroy-D \u00e9s una conserva en aigua de fruita tropical ideal per a consumir tot l&#8217;any. Som prove\u00efdors de fruita tropical fresca, i<span class=\"excerpt-hellip\"> [\u2026]<\/span><\/p>\n","protected":false},"featured_media":143557,"comment_status":"open","ping_status":"closed","template":"","meta":[],"product_cat":[8506,8411],"product_tag":[],"_links":{"self":[{"href":"https:\/\/www.laperlavalles.cat\/ca\/wp-json\/wp\/v2\/product\/124342"}],"collection":[{"href":"https:\/\/www.laperlavalles.cat\/ca\/wp-json\/wp\/v2\/product"}],"about":[{"href":"https:\/\/www.laperlavalles.cat\/ca\/wp-json\/wp\/v2\/types\/product"}],"replies":[{"embeddable":true,"href":"https:\/\/www.laperlavalles.cat\/ca\/wp-json\/wp\/v2\/comments?post=124342"}],"wp:featuredmedia":[{"embeddable":true,"href":"https:\/\/www.laperlavalles.cat\/ca\/wp-json\/wp\/v2\/media\/143557"}],"wp:attachment":[{"href":"https:\/\/www.laperlavalles.cat\/ca\/wp-json\/wp\/v2\/media?parent=124342"}],"wp:term":[{"taxonomy":"product_cat","embeddable":true,"href":"https:\/\/www.laperlavalles.cat\/ca\/wp-json\/wp\/v2\/product_cat?post=124342"},{"taxonomy":"product_tag","embeddable":true,"href":"https:\/\/www.laperlavalles.cat\/ca\/wp-json\/wp\/v2\/product_tag?post=124342"}],"curies":[{"name":"wp","href":"https:\/\/api.w.org\/{rel}","templated":true}]}}