{"id":124502,"date":"2022-07-05T12:49:23","date_gmt":"2022-07-05T10:49:28","guid":{"rendered":"https:\/\/www.laperlavalles.cat\/product\/thiere-halah-400gr\/"},"modified":"2024-12-05T12:10:14","modified_gmt":"2024-12-05T11:10:14","slug":"thiere-halah-400gr","status":"publish","type":"product","link":"https:\/\/www.laperlavalles.cat\/ca\/producte\/thiere-halah-400gr\/","title":{"rendered":"THIERE HALAH 400GR"},"content":{"rendered":"<p>La Perla importa productes t\u00edpics i locals d&#8217;\u00c0frica com cereals de mill. El thiere Halah \u00e9s cusc\u00fas de mill t\u00edpic de la cuina africana.<\/p>\n","protected":false},"excerpt":{"rendered":"<p>La Perla importa productes t\u00edpics i locals d&#8217;\u00c0frica com cereals de mill. El thiere Halah \u00e9s cusc\u00fas de mill t\u00edpic de la cuina africana.<\/p>\n","protected":false},"featured_media":162198,"comment_status":"open","ping_status":"closed","template":"","meta":[],"product_cat":[8514,8418],"product_tag":[],"_links":{"self":[{"href":"https:\/\/www.laperlavalles.cat\/ca\/wp-json\/wp\/v2\/product\/124502"}],"collection":[{"href":"https:\/\/www.laperlavalles.cat\/ca\/wp-json\/wp\/v2\/product"}],"about":[{"href":"https:\/\/www.laperlavalles.cat\/ca\/wp-json\/wp\/v2\/types\/product"}],"replies":[{"embeddable":true,"href":"https:\/\/www.laperlavalles.cat\/ca\/wp-json\/wp\/v2\/comments?post=124502"}],"wp:featuredmedia":[{"embeddable":true,"href":"https:\/\/www.laperlavalles.cat\/ca\/wp-json\/wp\/v2\/media\/162198"}],"wp:attachment":[{"href":"https:\/\/www.laperlavalles.cat\/ca\/wp-json\/wp\/v2\/media?parent=124502"}],"wp:term":[{"taxonomy":"product_cat","embeddable":true,"href":"https:\/\/www.laperlavalles.cat\/ca\/wp-json\/wp\/v2\/product_cat?post=124502"},{"taxonomy":"product_tag","embeddable":true,"href":"https:\/\/www.laperlavalles.cat\/ca\/wp-json\/wp\/v2\/product_tag?post=124502"}],"curies":[{"name":"wp","href":"https:\/\/api.w.org\/{rel}","templated":true}]}}