{"id":124622,"date":"2022-07-05T12:56:31","date_gmt":"2022-07-05T10:56:37","guid":{"rendered":"https:\/\/www.laperlavalles.cat\/product\/tallarines-darros-bamboo-tree-3mm-5kg\/"},"modified":"2023-04-19T15:19:44","modified_gmt":"2023-04-19T13:19:44","slug":"tallarines-darros-bamboo-tree-3mm-5kg","status":"publish","type":"product","link":"https:\/\/www.laperlavalles.cat\/ca\/producte\/tallarines-darros-bamboo-tree-3mm-5kg\/","title":{"rendered":"TALLARINES D&#8217;ARR\u00d2S BAMBOO TREE 3MM 5KG"},"content":{"rendered":"<p>Tallarines d&#8217;arr\u00f2s Bamboo Tree elaborades amb arr\u00f2s. Fideus de 3mm. Fideus t\u00edpics vietnamites. Producte especial per al canal HORECA.<\/p>\n","protected":false},"excerpt":{"rendered":"<p>Tallarines d&#8217;arr\u00f2s Bamboo Tree elaborades amb arr\u00f2s. Fideus de 3mm. Fideus t\u00edpics vietnamites. Producte especial per al canal HORECA.<\/p>\n","protected":false},"featured_media":144629,"comment_status":"open","ping_status":"closed","template":"","meta":[],"product_cat":[8415],"product_tag":[],"_links":{"self":[{"href":"https:\/\/www.laperlavalles.cat\/ca\/wp-json\/wp\/v2\/product\/124622"}],"collection":[{"href":"https:\/\/www.laperlavalles.cat\/ca\/wp-json\/wp\/v2\/product"}],"about":[{"href":"https:\/\/www.laperlavalles.cat\/ca\/wp-json\/wp\/v2\/types\/product"}],"replies":[{"embeddable":true,"href":"https:\/\/www.laperlavalles.cat\/ca\/wp-json\/wp\/v2\/comments?post=124622"}],"wp:featuredmedia":[{"embeddable":true,"href":"https:\/\/www.laperlavalles.cat\/ca\/wp-json\/wp\/v2\/media\/144629"}],"wp:attachment":[{"href":"https:\/\/www.laperlavalles.cat\/ca\/wp-json\/wp\/v2\/media?parent=124622"}],"wp:term":[{"taxonomy":"product_cat","embeddable":true,"href":"https:\/\/www.laperlavalles.cat\/ca\/wp-json\/wp\/v2\/product_cat?post=124622"},{"taxonomy":"product_tag","embeddable":true,"href":"https:\/\/www.laperlavalles.cat\/ca\/wp-json\/wp\/v2\/product_tag?post=124622"}],"curies":[{"name":"wp","href":"https:\/\/api.w.org\/{rel}","templated":true}]}}