{"id":124642,"date":"2022-07-05T12:57:54","date_gmt":"2022-07-05T10:57:58","guid":{"rendered":"https:\/\/www.laperlavalles.cat\/product\/salsa-de-palma-hot-king-africa-400gr\/"},"modified":"2024-07-02T20:28:48","modified_gmt":"2024-07-02T18:28:48","slug":"salsa-de-palma-hot-king-africa-400gr","status":"publish","type":"product","link":"https:\/\/www.laperlavalles.cat\/ca\/producte\/salsa-de-palma-hot-king-africa-400gr\/","title":{"rendered":"SALSA DE PALMA HOT KING AFRICA 400GR"},"content":{"rendered":"<p>La Perla \u00e9s especialista en la importaci\u00f3 i l&#8217;exportaci\u00f3 d&#8217;alimentaci\u00f3 \u00e8tnica. Al nostre cat\u00e0leg de productes tenim una \u00e0mplia gamma de salses de palma, olis de palma, i altres aliments derivats de la palma.<\/p>\n","protected":false},"excerpt":{"rendered":"<p>La Perla \u00e9s especialista en la importaci\u00f3 i l&#8217;exportaci\u00f3 d&#8217;alimentaci\u00f3 \u00e8tnica. Al nostre cat\u00e0leg de productes tenim una \u00e0mplia gamma de salses de palma, olis de<span class=\"excerpt-hellip\"> [\u2026]<\/span><\/p>\n","protected":false},"featured_media":144533,"comment_status":"open","ping_status":"closed","template":"","meta":[],"product_cat":[10617],"product_tag":[],"_links":{"self":[{"href":"https:\/\/www.laperlavalles.cat\/ca\/wp-json\/wp\/v2\/product\/124642"}],"collection":[{"href":"https:\/\/www.laperlavalles.cat\/ca\/wp-json\/wp\/v2\/product"}],"about":[{"href":"https:\/\/www.laperlavalles.cat\/ca\/wp-json\/wp\/v2\/types\/product"}],"replies":[{"embeddable":true,"href":"https:\/\/www.laperlavalles.cat\/ca\/wp-json\/wp\/v2\/comments?post=124642"}],"wp:featuredmedia":[{"embeddable":true,"href":"https:\/\/www.laperlavalles.cat\/ca\/wp-json\/wp\/v2\/media\/144533"}],"wp:attachment":[{"href":"https:\/\/www.laperlavalles.cat\/ca\/wp-json\/wp\/v2\/media?parent=124642"}],"wp:term":[{"taxonomy":"product_cat","embeddable":true,"href":"https:\/\/www.laperlavalles.cat\/ca\/wp-json\/wp\/v2\/product_cat?post=124642"},{"taxonomy":"product_tag","embeddable":true,"href":"https:\/\/www.laperlavalles.cat\/ca\/wp-json\/wp\/v2\/product_tag?post=124642"}],"curies":[{"name":"wp","href":"https:\/\/api.w.org\/{rel}","templated":true}]}}