{"id":124662,"date":"2022-07-05T12:59:16","date_gmt":"2022-07-05T10:59:21","guid":{"rendered":"https:\/\/www.laperlavalles.cat\/product\/salsa-de-palma-hot-king-africa-800gr\/"},"modified":"2024-07-02T20:40:27","modified_gmt":"2024-07-02T18:40:27","slug":"salsa-de-palma-hot-king-africa-800gr","status":"publish","type":"product","link":"https:\/\/www.laperlavalles.cat\/ca\/producte\/salsa-de-palma-hot-king-africa-800gr\/","title":{"rendered":"SALSA DE PALMA HOT KING AFRICA 800GR"},"content":{"rendered":"<p>La Perla \u00e9s especialista en la importaci\u00f3 i l&#8217;exportaci\u00f3 d&#8217;alimentaci\u00f3 \u00e8tnica. Al nostre cat\u00e0leg de productes tenim una \u00e0mplia gamma de salses de palma, olis de palma, i altres aliments derivats de la palma.<\/p>\n","protected":false},"excerpt":{"rendered":"<p>La Perla \u00e9s especialista en la importaci\u00f3 i l&#8217;exportaci\u00f3 d&#8217;alimentaci\u00f3 \u00e8tnica. Al nostre cat\u00e0leg de productes tenim una \u00e0mplia gamma de salses de palma, olis de<span class=\"excerpt-hellip\"> [\u2026]<\/span><\/p>\n","protected":false},"featured_media":144549,"comment_status":"open","ping_status":"closed","template":"","meta":[],"product_cat":[10617],"product_tag":[],"_links":{"self":[{"href":"https:\/\/www.laperlavalles.cat\/ca\/wp-json\/wp\/v2\/product\/124662"}],"collection":[{"href":"https:\/\/www.laperlavalles.cat\/ca\/wp-json\/wp\/v2\/product"}],"about":[{"href":"https:\/\/www.laperlavalles.cat\/ca\/wp-json\/wp\/v2\/types\/product"}],"replies":[{"embeddable":true,"href":"https:\/\/www.laperlavalles.cat\/ca\/wp-json\/wp\/v2\/comments?post=124662"}],"wp:featuredmedia":[{"embeddable":true,"href":"https:\/\/www.laperlavalles.cat\/ca\/wp-json\/wp\/v2\/media\/144549"}],"wp:attachment":[{"href":"https:\/\/www.laperlavalles.cat\/ca\/wp-json\/wp\/v2\/media?parent=124662"}],"wp:term":[{"taxonomy":"product_cat","embeddable":true,"href":"https:\/\/www.laperlavalles.cat\/ca\/wp-json\/wp\/v2\/product_cat?post=124662"},{"taxonomy":"product_tag","embeddable":true,"href":"https:\/\/www.laperlavalles.cat\/ca\/wp-json\/wp\/v2\/product_tag?post=124662"}],"curies":[{"name":"wp","href":"https:\/\/api.w.org\/{rel}","templated":true}]}}