{"id":124802,"date":"2022-07-05T13:36:10","date_gmt":"2022-07-05T11:36:16","guid":{"rendered":"https:\/\/www.laperlavalles.cat\/product\/cantu-acc-detangler-ultra-glide-brush\/"},"modified":"2024-07-04T15:54:54","modified_gmt":"2024-07-04T13:54:54","slug":"cantu-acc-detangler-ultra-glide-brush","status":"publish","type":"product","link":"https:\/\/www.laperlavalles.cat\/ca\/producte\/cantu-acc-detangler-ultra-glide-brush\/","title":{"rendered":"CANTU ACC DETANGLER ULTRA GLIDE BRUSH"},"content":{"rendered":"<p>Aquest respatll desenredant ha siigut modificat per desllisar facilment per els cabells gruixiuts i rissats. Observa que faltan filas de cerdas per minmitzar les rotures i enganxades durant el proces de desenredat. Tamb\u00e9 conte una base de goma per ajudar a defini els rinxols i un agafament antilliscant per un fixaci\u00f3 m\u00e9s forta<\/p>\n","protected":false},"excerpt":{"rendered":"<p>Aquest respatll desenredant ha siigut modificat per desllisar facilment per els cabells gruixiuts i rissats. Observa que faltan filas de cerdas per minmitzar les rotures i<span class=\"excerpt-hellip\"> [\u2026]<\/span><\/p>\n","protected":false},"featured_media":173878,"comment_status":"open","ping_status":"closed","template":"","meta":[],"product_cat":[10617],"product_tag":[],"_links":{"self":[{"href":"https:\/\/www.laperlavalles.cat\/ca\/wp-json\/wp\/v2\/product\/124802"}],"collection":[{"href":"https:\/\/www.laperlavalles.cat\/ca\/wp-json\/wp\/v2\/product"}],"about":[{"href":"https:\/\/www.laperlavalles.cat\/ca\/wp-json\/wp\/v2\/types\/product"}],"replies":[{"embeddable":true,"href":"https:\/\/www.laperlavalles.cat\/ca\/wp-json\/wp\/v2\/comments?post=124802"}],"wp:featuredmedia":[{"embeddable":true,"href":"https:\/\/www.laperlavalles.cat\/ca\/wp-json\/wp\/v2\/media\/173878"}],"wp:attachment":[{"href":"https:\/\/www.laperlavalles.cat\/ca\/wp-json\/wp\/v2\/media?parent=124802"}],"wp:term":[{"taxonomy":"product_cat","embeddable":true,"href":"https:\/\/www.laperlavalles.cat\/ca\/wp-json\/wp\/v2\/product_cat?post=124802"},{"taxonomy":"product_tag","embeddable":true,"href":"https:\/\/www.laperlavalles.cat\/ca\/wp-json\/wp\/v2\/product_tag?post=124802"}],"curies":[{"name":"wp","href":"https:\/\/api.w.org\/{rel}","templated":true}]}}