{"id":127849,"date":"2021-08-23T07:52:35","date_gmt":"2022-10-24T10:05:37","guid":{"rendered":"https:\/\/www.laperlavalles.cat\/product\/cantu-grapeseed-deep-treatment-masque\/"},"modified":"2023-06-23T13:24:52","modified_gmt":"2023-06-23T11:24:52","slug":"cantu-grapeseed-deep-treatment-masque-2","status":"publish","type":"product","link":"https:\/\/www.laperlavalles.cat\/ca\/producte\/cantu-grapeseed-deep-treatment-masque-2\/","title":{"rendered":"CANTU GRAPESEED DEEP TREATMENT MASQUE"},"content":{"rendered":"<p>Cantu Grapeseed Deep Treatment Masque \u00e9s una m\u00e0scara reparadora profunda elaborada principalment amb llavors de ra\u00efm. La marca de productes cosm\u00e8tics Cantu \u00e9s una marca americana especialitzada en productes per cabell arrissat, ondulat i afro. El Cantu Grapeseed Deep Treatment Masque forma part de la gamma de productes Cantu Superfoods.<\/p>\n","protected":false},"excerpt":{"rendered":"<p>Cantu Grapeseed Deep Treatment Masque \u00e9s una m\u00e0scara reparadora profunda elaborada principalment amb llavors de ra\u00efm. La marca de productes cosm\u00e8tics Cantu \u00e9s una marca americana<span class=\"excerpt-hellip\"> [\u2026]<\/span><\/p>\n","protected":false},"featured_media":171638,"comment_status":"open","ping_status":"closed","template":"","meta":[],"product_cat":[8423],"product_tag":[],"_links":{"self":[{"href":"https:\/\/www.laperlavalles.cat\/ca\/wp-json\/wp\/v2\/product\/127849"}],"collection":[{"href":"https:\/\/www.laperlavalles.cat\/ca\/wp-json\/wp\/v2\/product"}],"about":[{"href":"https:\/\/www.laperlavalles.cat\/ca\/wp-json\/wp\/v2\/types\/product"}],"replies":[{"embeddable":true,"href":"https:\/\/www.laperlavalles.cat\/ca\/wp-json\/wp\/v2\/comments?post=127849"}],"wp:featuredmedia":[{"embeddable":true,"href":"https:\/\/www.laperlavalles.cat\/ca\/wp-json\/wp\/v2\/media\/171638"}],"wp:attachment":[{"href":"https:\/\/www.laperlavalles.cat\/ca\/wp-json\/wp\/v2\/media?parent=127849"}],"wp:term":[{"taxonomy":"product_cat","embeddable":true,"href":"https:\/\/www.laperlavalles.cat\/ca\/wp-json\/wp\/v2\/product_cat?post=127849"},{"taxonomy":"product_tag","embeddable":true,"href":"https:\/\/www.laperlavalles.cat\/ca\/wp-json\/wp\/v2\/product_tag?post=127849"}],"curies":[{"name":"wp","href":"https:\/\/api.w.org\/{rel}","templated":true}]}}