{"id":127872,"date":"2021-08-23T07:46:56","date_gmt":"2022-10-24T10:33:21","guid":{"rendered":"https:\/\/www.laperlavalles.cat\/product\/ic-hair-polisher-carrot-serum\/"},"modified":"2023-06-23T13:36:37","modified_gmt":"2023-06-23T11:36:37","slug":"ic-hair-polisher-carrot-serum-2","status":"publish","type":"product","link":"https:\/\/www.laperlavalles.cat\/ca\/producte\/ic-hair-polisher-carrot-serum-2\/","title":{"rendered":"IC HAIR POLISHER CARROT SERUM"},"content":{"rendered":"<p>IC Hair Polisher Carrot Serum \u00e9s un s\u00e8rum de pastaga de tripleacci\u00f3 per donar brillo al cabell, enfortir-lo i fer-lo cr\u00e8ixer.<\/p>\n","protected":false},"excerpt":{"rendered":"<p>IC Hair Polisher Carrot Serum \u00e9s un s\u00e8rum de pastaga de tripleacci\u00f3 per donar brillo al cabell, enfortir-lo i fer-lo cr\u00e8ixer.<\/p>\n","protected":false},"featured_media":172166,"comment_status":"open","ping_status":"closed","template":"","meta":[],"product_cat":[8423],"product_tag":[],"_links":{"self":[{"href":"https:\/\/www.laperlavalles.cat\/ca\/wp-json\/wp\/v2\/product\/127872"}],"collection":[{"href":"https:\/\/www.laperlavalles.cat\/ca\/wp-json\/wp\/v2\/product"}],"about":[{"href":"https:\/\/www.laperlavalles.cat\/ca\/wp-json\/wp\/v2\/types\/product"}],"replies":[{"embeddable":true,"href":"https:\/\/www.laperlavalles.cat\/ca\/wp-json\/wp\/v2\/comments?post=127872"}],"wp:featuredmedia":[{"embeddable":true,"href":"https:\/\/www.laperlavalles.cat\/ca\/wp-json\/wp\/v2\/media\/172166"}],"wp:attachment":[{"href":"https:\/\/www.laperlavalles.cat\/ca\/wp-json\/wp\/v2\/media?parent=127872"}],"wp:term":[{"taxonomy":"product_cat","embeddable":true,"href":"https:\/\/www.laperlavalles.cat\/ca\/wp-json\/wp\/v2\/product_cat?post=127872"},{"taxonomy":"product_tag","embeddable":true,"href":"https:\/\/www.laperlavalles.cat\/ca\/wp-json\/wp\/v2\/product_tag?post=127872"}],"curies":[{"name":"wp","href":"https:\/\/api.w.org\/{rel}","templated":true}]}}