{"id":127882,"date":"2021-07-12T23:08:18","date_gmt":"2022-10-24T10:44:10","guid":{"rendered":"https:\/\/www.laperlavalles.cat\/product\/tomaquet-concentrat-gino-400gr\/"},"modified":"2023-06-23T13:07:10","modified_gmt":"2023-06-23T11:07:10","slug":"tomato-paste-gino-400gr-2","status":"publish","type":"product","link":"https:\/\/www.laperlavalles.cat\/ca\/producte\/tomato-paste-gino-400gr-2\/","title":{"rendered":"TOM\u00c0QUET CONCENTRAT GINO 400GR"},"content":{"rendered":"<p>Tom\u00e0quet concentrat Gino. La Perla \u00e9s prove\u00efdor de tom\u00e0quet concentrat de v\u00e0ries marques de prestigi internacional: Gino, Domtomate i De Rica. <\/p>\n","protected":false},"excerpt":{"rendered":"<p>Tom\u00e0quet concentrat Gino. La Perla \u00e9s prove\u00efdor de tom\u00e0quet concentrat de v\u00e0ries marques de prestigi internacional: Gino, Domtomate i De Rica.<\/p>\n","protected":false},"featured_media":170838,"comment_status":"open","ping_status":"closed","template":"","meta":[],"product_cat":[8408],"product_tag":[],"_links":{"self":[{"href":"https:\/\/www.laperlavalles.cat\/ca\/wp-json\/wp\/v2\/product\/127882"}],"collection":[{"href":"https:\/\/www.laperlavalles.cat\/ca\/wp-json\/wp\/v2\/product"}],"about":[{"href":"https:\/\/www.laperlavalles.cat\/ca\/wp-json\/wp\/v2\/types\/product"}],"replies":[{"embeddable":true,"href":"https:\/\/www.laperlavalles.cat\/ca\/wp-json\/wp\/v2\/comments?post=127882"}],"wp:featuredmedia":[{"embeddable":true,"href":"https:\/\/www.laperlavalles.cat\/ca\/wp-json\/wp\/v2\/media\/170838"}],"wp:attachment":[{"href":"https:\/\/www.laperlavalles.cat\/ca\/wp-json\/wp\/v2\/media?parent=127882"}],"wp:term":[{"taxonomy":"product_cat","embeddable":true,"href":"https:\/\/www.laperlavalles.cat\/ca\/wp-json\/wp\/v2\/product_cat?post=127882"},{"taxonomy":"product_tag","embeddable":true,"href":"https:\/\/www.laperlavalles.cat\/ca\/wp-json\/wp\/v2\/product_tag?post=127882"}],"curies":[{"name":"wp","href":"https:\/\/api.w.org\/{rel}","templated":true}]}}