{"id":127931,"date":"2021-07-12T22:11:13","date_gmt":"2022-10-24T11:56:51","guid":{"rendered":"https:\/\/www.laperlavalles.cat\/product\/xampu-neutre-oli-doliva-prof\/"},"modified":"2023-06-23T11:34:47","modified_gmt":"2023-06-23T09:34:47","slug":"olive-oil-neutral-shampoo-prof-2","status":"publish","type":"product","link":"https:\/\/www.laperlavalles.cat\/ca\/producte\/olive-oil-neutral-shampoo-prof-2\/","title":{"rendered":"XAMP\u00da NEUTRE OLI D&#8217;OLIVA PROF"},"content":{"rendered":"<p>Xamp\u00fa neutre oli d&#8217;oliva prof. Xamp\u00fa neutre format professional. <\/p>\n","protected":false},"excerpt":{"rendered":"<p>Xamp\u00fa neutre oli d&#8217;oliva prof. Xamp\u00fa neutre format professional.<\/p>\n","protected":false},"featured_media":166678,"comment_status":"open","ping_status":"closed","template":"","meta":[],"product_cat":[10617],"product_tag":[],"_links":{"self":[{"href":"https:\/\/www.laperlavalles.cat\/ca\/wp-json\/wp\/v2\/product\/127931"}],"collection":[{"href":"https:\/\/www.laperlavalles.cat\/ca\/wp-json\/wp\/v2\/product"}],"about":[{"href":"https:\/\/www.laperlavalles.cat\/ca\/wp-json\/wp\/v2\/types\/product"}],"replies":[{"embeddable":true,"href":"https:\/\/www.laperlavalles.cat\/ca\/wp-json\/wp\/v2\/comments?post=127931"}],"wp:featuredmedia":[{"embeddable":true,"href":"https:\/\/www.laperlavalles.cat\/ca\/wp-json\/wp\/v2\/media\/166678"}],"wp:attachment":[{"href":"https:\/\/www.laperlavalles.cat\/ca\/wp-json\/wp\/v2\/media?parent=127931"}],"wp:term":[{"taxonomy":"product_cat","embeddable":true,"href":"https:\/\/www.laperlavalles.cat\/ca\/wp-json\/wp\/v2\/product_cat?post=127931"},{"taxonomy":"product_tag","embeddable":true,"href":"https:\/\/www.laperlavalles.cat\/ca\/wp-json\/wp\/v2\/product_tag?post=127931"}],"curies":[{"name":"wp","href":"https:\/\/api.w.org\/{rel}","templated":true}]}}