{"id":127934,"date":"2021-07-12T22:09:42","date_gmt":"2022-10-24T12:00:20","guid":{"rendered":"https:\/\/www.laperlavalles.cat\/product\/locio-doli-doliva-prof\/"},"modified":"2023-06-23T11:33:23","modified_gmt":"2023-06-23T09:33:23","slug":"olive-oil-lotion-prof-2","status":"publish","type":"product","link":"https:\/\/www.laperlavalles.cat\/ca\/producte\/olive-oil-lotion-prof-2\/","title":{"rendered":"LOCI\u00d3 D&#8217;OLI D&#8217;OLIVA PROF"},"content":{"rendered":"<p>Loci\u00f3 d&#8217;oli d&#8217;oliva prof. Loci\u00f3 hidratant pels cabells. <\/p>\n","protected":false},"excerpt":{"rendered":"<p>Loci\u00f3 d&#8217;oli d&#8217;oliva prof. Loci\u00f3 hidratant pels cabells.<\/p>\n","protected":false},"featured_media":166614,"comment_status":"open","ping_status":"closed","template":"","meta":[],"product_cat":[10617],"product_tag":[],"_links":{"self":[{"href":"https:\/\/www.laperlavalles.cat\/ca\/wp-json\/wp\/v2\/product\/127934"}],"collection":[{"href":"https:\/\/www.laperlavalles.cat\/ca\/wp-json\/wp\/v2\/product"}],"about":[{"href":"https:\/\/www.laperlavalles.cat\/ca\/wp-json\/wp\/v2\/types\/product"}],"replies":[{"embeddable":true,"href":"https:\/\/www.laperlavalles.cat\/ca\/wp-json\/wp\/v2\/comments?post=127934"}],"wp:featuredmedia":[{"embeddable":true,"href":"https:\/\/www.laperlavalles.cat\/ca\/wp-json\/wp\/v2\/media\/166614"}],"wp:attachment":[{"href":"https:\/\/www.laperlavalles.cat\/ca\/wp-json\/wp\/v2\/media?parent=127934"}],"wp:term":[{"taxonomy":"product_cat","embeddable":true,"href":"https:\/\/www.laperlavalles.cat\/ca\/wp-json\/wp\/v2\/product_cat?post=127934"},{"taxonomy":"product_tag","embeddable":true,"href":"https:\/\/www.laperlavalles.cat\/ca\/wp-json\/wp\/v2\/product_tag?post=127934"}],"curies":[{"name":"wp","href":"https:\/\/api.w.org\/{rel}","templated":true}]}}