{"id":127952,"date":"2021-07-12T21:49:36","date_gmt":"2022-10-24T12:26:27","guid":{"rendered":"https:\/\/www.laperlavalles.cat\/product\/organic-olive-oil-relaxer-kit-super\/"},"modified":"2025-03-24T10:46:47","modified_gmt":"2025-03-24T09:46:47","slug":"organic-olive-oil-relaxer-kit-super-2","status":"publish","type":"product","link":"https:\/\/www.laperlavalles.cat\/ca\/producte\/organic-olive-oil-relaxer-kit-super-2\/","title":{"rendered":"ORGANIC OLIVE OIL RELAXER KIT SUPER"},"content":{"rendered":"<p>L&#8217;ORS ORGANIC OLIVE OIL KIT SUPER \u00e9s un kit d&#8217;allisat ultraefica\u00e7, enriquit amb oli d&#8217;oliva org\u00e0nic, perfecte per a cabells gruixuts i resistents.<\/p>\n","protected":false},"excerpt":{"rendered":"<p>L&#8217;ORS ORGANIC OLIVE OIL KIT SUPER \u00e9s un kit d&#8217;allisat ultraefica\u00e7, enriquit amb oli d&#8217;oliva org\u00e0nic, perfecte per a cabells gruixuts i resistents.<\/p>\n","protected":false},"featured_media":160262,"comment_status":"open","ping_status":"closed","template":"","meta":[],"product_cat":[8423,24329],"product_tag":[],"_links":{"self":[{"href":"https:\/\/www.laperlavalles.cat\/ca\/wp-json\/wp\/v2\/product\/127952"}],"collection":[{"href":"https:\/\/www.laperlavalles.cat\/ca\/wp-json\/wp\/v2\/product"}],"about":[{"href":"https:\/\/www.laperlavalles.cat\/ca\/wp-json\/wp\/v2\/types\/product"}],"replies":[{"embeddable":true,"href":"https:\/\/www.laperlavalles.cat\/ca\/wp-json\/wp\/v2\/comments?post=127952"}],"wp:featuredmedia":[{"embeddable":true,"href":"https:\/\/www.laperlavalles.cat\/ca\/wp-json\/wp\/v2\/media\/160262"}],"wp:attachment":[{"href":"https:\/\/www.laperlavalles.cat\/ca\/wp-json\/wp\/v2\/media?parent=127952"}],"wp:term":[{"taxonomy":"product_cat","embeddable":true,"href":"https:\/\/www.laperlavalles.cat\/ca\/wp-json\/wp\/v2\/product_cat?post=127952"},{"taxonomy":"product_tag","embeddable":true,"href":"https:\/\/www.laperlavalles.cat\/ca\/wp-json\/wp\/v2\/product_tag?post=127952"}],"curies":[{"name":"wp","href":"https:\/\/api.w.org\/{rel}","templated":true}]}}