{"id":127955,"date":"2021-07-12T21:49:14","date_gmt":"2022-10-24T12:29:56","guid":{"rendered":"https:\/\/www.laperlavalles.cat\/product\/organic-olive-oil-relaxer-kit-regular\/"},"modified":"2025-03-24T10:44:58","modified_gmt":"2025-03-24T09:44:58","slug":"organic-olive-oil-relaxer-kit-regular-2","status":"publish","type":"product","link":"https:\/\/www.laperlavalles.cat\/ca\/producte\/organic-olive-oil-relaxer-kit-regular-2\/","title":{"rendered":"ORGANIC OLIVE OIL RELAXER KIT REGULAR"},"content":{"rendered":"<p>El ORS ORGANIC OLIVE OIL KIT REGULAR \u00e9s un kit d&#8217;allisat enriquit amb oli d&#8217;oliva org\u00e0nic, dissenyat per allisar el cabell mentre li aporta hidrataci\u00f3 i protecci\u00f3.<\/p>\n","protected":false},"excerpt":{"rendered":"<p>El ORS ORGANIC OLIVE OIL KIT REGULAR \u00e9s un kit d&#8217;allisat enriquit amb oli d&#8217;oliva org\u00e0nic, dissenyat per allisar el cabell mentre li aporta hidrataci\u00f3 i<span class=\"excerpt-hellip\"> [\u2026]<\/span><\/p>\n","protected":false},"featured_media":160246,"comment_status":"open","ping_status":"closed","template":"","meta":[],"product_cat":[8423,24329],"product_tag":[],"_links":{"self":[{"href":"https:\/\/www.laperlavalles.cat\/ca\/wp-json\/wp\/v2\/product\/127955"}],"collection":[{"href":"https:\/\/www.laperlavalles.cat\/ca\/wp-json\/wp\/v2\/product"}],"about":[{"href":"https:\/\/www.laperlavalles.cat\/ca\/wp-json\/wp\/v2\/types\/product"}],"replies":[{"embeddable":true,"href":"https:\/\/www.laperlavalles.cat\/ca\/wp-json\/wp\/v2\/comments?post=127955"}],"wp:featuredmedia":[{"embeddable":true,"href":"https:\/\/www.laperlavalles.cat\/ca\/wp-json\/wp\/v2\/media\/160246"}],"wp:attachment":[{"href":"https:\/\/www.laperlavalles.cat\/ca\/wp-json\/wp\/v2\/media?parent=127955"}],"wp:term":[{"taxonomy":"product_cat","embeddable":true,"href":"https:\/\/www.laperlavalles.cat\/ca\/wp-json\/wp\/v2\/product_cat?post=127955"},{"taxonomy":"product_tag","embeddable":true,"href":"https:\/\/www.laperlavalles.cat\/ca\/wp-json\/wp\/v2\/product_tag?post=127955"}],"curies":[{"name":"wp","href":"https:\/\/api.w.org\/{rel}","templated":true}]}}