{"id":127961,"date":"2021-07-12T21:48:33","date_gmt":"2022-10-24T12:36:33","guid":{"rendered":"https:\/\/www.laperlavalles.cat\/product\/locio-doli-rosa-de-luster\/"},"modified":"2023-06-23T09:11:21","modified_gmt":"2023-06-23T07:11:21","slug":"lusters-pink-oil-lotion-2","status":"publish","type":"product","link":"https:\/\/www.laperlavalles.cat\/ca\/producte\/lusters-pink-oil-lotion-2\/","title":{"rendered":"LOCI\u00d3 D&#8217;OLI ROSA DE LUSTER"},"content":{"rendered":"<p>Loci\u00f3 d&#8217;oli rosa de luster. Loci\u00f3 hidrantat pels cabells.<\/p>\n","protected":false},"excerpt":{"rendered":"<p>Loci\u00f3 d&#8217;oli rosa de luster. Loci\u00f3 hidrantat pels cabells.<\/p>\n","protected":false},"featured_media":160214,"comment_status":"open","ping_status":"closed","template":"","meta":[],"product_cat":[8423,24329],"product_tag":[],"_links":{"self":[{"href":"https:\/\/www.laperlavalles.cat\/ca\/wp-json\/wp\/v2\/product\/127961"}],"collection":[{"href":"https:\/\/www.laperlavalles.cat\/ca\/wp-json\/wp\/v2\/product"}],"about":[{"href":"https:\/\/www.laperlavalles.cat\/ca\/wp-json\/wp\/v2\/types\/product"}],"replies":[{"embeddable":true,"href":"https:\/\/www.laperlavalles.cat\/ca\/wp-json\/wp\/v2\/comments?post=127961"}],"wp:featuredmedia":[{"embeddable":true,"href":"https:\/\/www.laperlavalles.cat\/ca\/wp-json\/wp\/v2\/media\/160214"}],"wp:attachment":[{"href":"https:\/\/www.laperlavalles.cat\/ca\/wp-json\/wp\/v2\/media?parent=127961"}],"wp:term":[{"taxonomy":"product_cat","embeddable":true,"href":"https:\/\/www.laperlavalles.cat\/ca\/wp-json\/wp\/v2\/product_cat?post=127961"},{"taxonomy":"product_tag","embeddable":true,"href":"https:\/\/www.laperlavalles.cat\/ca\/wp-json\/wp\/v2\/product_tag?post=127961"}],"curies":[{"name":"wp","href":"https:\/\/api.w.org\/{rel}","templated":true}]}}