{"id":128078,"date":"2023-02-02T13:02:48","date_gmt":"2023-02-02T12:02:48","guid":{"rendered":"https:\/\/www.laperlavalles.cat\/product\/nestle-milo-singapur-2\/"},"modified":"2023-02-02T13:02:48","modified_gmt":"2023-02-02T12:02:48","slug":"nestle-milo-singapur-2","status":"publish","type":"product","link":"https:\/\/www.laperlavalles.cat\/ca\/producte\/nestle-milo-singapur-2\/","title":{"rendered":"NESTL\u00c9 MILO SINGAPUR"},"content":{"rendered":"<p>La beguda Nestl\u00e9 Milo Singapur \u00e9s una beguda elaborada a base de cacau, malta i llet. <\/p>\n","protected":false},"excerpt":{"rendered":"<p>La beguda Nestl\u00e9 Milo Singapur \u00e9s una beguda elaborada a base de cacau, malta i llet.<\/p>\n","protected":false},"featured_media":128074,"comment_status":"open","ping_status":"closed","template":"","meta":[],"product_cat":[8406,8509],"product_tag":[],"_links":{"self":[{"href":"https:\/\/www.laperlavalles.cat\/ca\/wp-json\/wp\/v2\/product\/128078"}],"collection":[{"href":"https:\/\/www.laperlavalles.cat\/ca\/wp-json\/wp\/v2\/product"}],"about":[{"href":"https:\/\/www.laperlavalles.cat\/ca\/wp-json\/wp\/v2\/types\/product"}],"replies":[{"embeddable":true,"href":"https:\/\/www.laperlavalles.cat\/ca\/wp-json\/wp\/v2\/comments?post=128078"}],"wp:featuredmedia":[{"embeddable":true,"href":"https:\/\/www.laperlavalles.cat\/ca\/wp-json\/wp\/v2\/media\/128074"}],"wp:attachment":[{"href":"https:\/\/www.laperlavalles.cat\/ca\/wp-json\/wp\/v2\/media?parent=128078"}],"wp:term":[{"taxonomy":"product_cat","embeddable":true,"href":"https:\/\/www.laperlavalles.cat\/ca\/wp-json\/wp\/v2\/product_cat?post=128078"},{"taxonomy":"product_tag","embeddable":true,"href":"https:\/\/www.laperlavalles.cat\/ca\/wp-json\/wp\/v2\/product_tag?post=128078"}],"curies":[{"name":"wp","href":"https:\/\/api.w.org\/{rel}","templated":true}]}}