{"id":128093,"date":"2023-02-02T13:04:46","date_gmt":"2023-02-02T12:04:46","guid":{"rendered":"https:\/\/www.laperlavalles.cat\/product\/nestle-milo-singapur-3\/"},"modified":"2023-02-02T13:04:46","modified_gmt":"2023-02-02T12:04:46","slug":"nestle-milo-singapur-3","status":"publish","type":"product","link":"https:\/\/www.laperlavalles.cat\/ca\/producte\/nestle-milo-singapur-3\/","title":{"rendered":"NESTL\u00c9 MILO SINGAPUR"},"content":{"rendered":"<p>La beguda Nestl\u00e9 Milo Singapur \u00e9s una beguda elaborada a base de cacau, malta i llet. <\/p>\n","protected":false},"excerpt":{"rendered":"<p>La beguda Nestl\u00e9 Milo Singapur \u00e9s una beguda elaborada a base de cacau, malta i llet.<\/p>\n","protected":false},"featured_media":128089,"comment_status":"open","ping_status":"closed","template":"","meta":[],"product_cat":[8406,8509],"product_tag":[],"_links":{"self":[{"href":"https:\/\/www.laperlavalles.cat\/ca\/wp-json\/wp\/v2\/product\/128093"}],"collection":[{"href":"https:\/\/www.laperlavalles.cat\/ca\/wp-json\/wp\/v2\/product"}],"about":[{"href":"https:\/\/www.laperlavalles.cat\/ca\/wp-json\/wp\/v2\/types\/product"}],"replies":[{"embeddable":true,"href":"https:\/\/www.laperlavalles.cat\/ca\/wp-json\/wp\/v2\/comments?post=128093"}],"wp:featuredmedia":[{"embeddable":true,"href":"https:\/\/www.laperlavalles.cat\/ca\/wp-json\/wp\/v2\/media\/128089"}],"wp:attachment":[{"href":"https:\/\/www.laperlavalles.cat\/ca\/wp-json\/wp\/v2\/media?parent=128093"}],"wp:term":[{"taxonomy":"product_cat","embeddable":true,"href":"https:\/\/www.laperlavalles.cat\/ca\/wp-json\/wp\/v2\/product_cat?post=128093"},{"taxonomy":"product_tag","embeddable":true,"href":"https:\/\/www.laperlavalles.cat\/ca\/wp-json\/wp\/v2\/product_tag?post=128093"}],"curies":[{"name":"wp","href":"https:\/\/api.w.org\/{rel}","templated":true}]}}