{"id":128313,"date":"2023-02-02T15:25:37","date_gmt":"2023-02-02T14:25:48","guid":{"rendered":"https:\/\/www.laperlavalles.cat\/product\/koh-kae-coconut-cream-peanuts-90gr\/"},"modified":"2024-06-10T19:30:24","modified_gmt":"2024-06-10T17:30:24","slug":"koh-kae-coconut-cream-peanuts-90gr","status":"publish","type":"product","link":"https:\/\/www.laperlavalles.cat\/ca\/producte\/koh-kae-coconut-cream-peanuts-90gr\/","title":{"rendered":"KOH-KAE COCONUT CREAM PEANUTS 90GR"},"content":{"rendered":"<p>Snack de cacauets recoberts de gust de crema de coco Koh-Kae. Els productes Koh-Kae s\u00f3n d&#8217;origen Tailand\u00e8s. La Perla \u00e9s distribu\u00efdor oficial de la marca Koh-Kae.<\/p>\n","protected":false},"excerpt":{"rendered":"<p>Snack de cacauets recoberts de gust de crema de coco Koh-Kae. Els productes Koh-Kae s\u00f3n d&#8217;origen Tailand\u00e8s. La Perla \u00e9s distribu\u00efdor oficial de la marca Koh-Kae.<\/p>\n","protected":false},"featured_media":139029,"comment_status":"open","ping_status":"closed","template":"","meta":[],"product_cat":[10617],"product_tag":[],"_links":{"self":[{"href":"https:\/\/www.laperlavalles.cat\/ca\/wp-json\/wp\/v2\/product\/128313"}],"collection":[{"href":"https:\/\/www.laperlavalles.cat\/ca\/wp-json\/wp\/v2\/product"}],"about":[{"href":"https:\/\/www.laperlavalles.cat\/ca\/wp-json\/wp\/v2\/types\/product"}],"replies":[{"embeddable":true,"href":"https:\/\/www.laperlavalles.cat\/ca\/wp-json\/wp\/v2\/comments?post=128313"}],"wp:featuredmedia":[{"embeddable":true,"href":"https:\/\/www.laperlavalles.cat\/ca\/wp-json\/wp\/v2\/media\/139029"}],"wp:attachment":[{"href":"https:\/\/www.laperlavalles.cat\/ca\/wp-json\/wp\/v2\/media?parent=128313"}],"wp:term":[{"taxonomy":"product_cat","embeddable":true,"href":"https:\/\/www.laperlavalles.cat\/ca\/wp-json\/wp\/v2\/product_cat?post=128313"},{"taxonomy":"product_tag","embeddable":true,"href":"https:\/\/www.laperlavalles.cat\/ca\/wp-json\/wp\/v2\/product_tag?post=128313"}],"curies":[{"name":"wp","href":"https:\/\/api.w.org\/{rel}","templated":true}]}}