{"id":128403,"date":"2023-02-02T15:39:48","date_gmt":"2023-02-02T14:39:48","guid":{"rendered":"https:\/\/www.laperlavalles.cat\/product\/koh-kae-coconut-cream-peanuts-90gr-7\/"},"modified":"2023-02-02T15:39:48","modified_gmt":"2023-02-02T14:39:48","slug":"koh-kae-coconut-cream-peanuts-90gr-7","status":"publish","type":"product","link":"https:\/\/www.laperlavalles.cat\/ca\/producte\/koh-kae-coconut-cream-peanuts-90gr-7\/","title":{"rendered":"KOH-KAE COCONUT CREAM PEANUTS 90GR"},"content":{"rendered":"<p>Snack de cacauets recoberts de gust de crema de coco Koh-Kae. Els productes Koh-Kae s\u00f3n d&#8217;origen Tailand\u00e8s. La Perla \u00e9s distribu\u00efdor oficial de la marca Koh-Kae.<\/p>\n","protected":false},"excerpt":{"rendered":"<p>Snack de cacauets recoberts de gust de crema de coco Koh-Kae. Els productes Koh-Kae s\u00f3n d&#8217;origen Tailand\u00e8s. La Perla \u00e9s distribu\u00efdor oficial de la marca Koh-Kae.<\/p>\n","protected":false},"featured_media":128399,"comment_status":"open","ping_status":"closed","template":"","meta":[],"product_cat":[8407,8512],"product_tag":[],"_links":{"self":[{"href":"https:\/\/www.laperlavalles.cat\/ca\/wp-json\/wp\/v2\/product\/128403"}],"collection":[{"href":"https:\/\/www.laperlavalles.cat\/ca\/wp-json\/wp\/v2\/product"}],"about":[{"href":"https:\/\/www.laperlavalles.cat\/ca\/wp-json\/wp\/v2\/types\/product"}],"replies":[{"embeddable":true,"href":"https:\/\/www.laperlavalles.cat\/ca\/wp-json\/wp\/v2\/comments?post=128403"}],"wp:featuredmedia":[{"embeddable":true,"href":"https:\/\/www.laperlavalles.cat\/ca\/wp-json\/wp\/v2\/media\/128399"}],"wp:attachment":[{"href":"https:\/\/www.laperlavalles.cat\/ca\/wp-json\/wp\/v2\/media?parent=128403"}],"wp:term":[{"taxonomy":"product_cat","embeddable":true,"href":"https:\/\/www.laperlavalles.cat\/ca\/wp-json\/wp\/v2\/product_cat?post=128403"},{"taxonomy":"product_tag","embeddable":true,"href":"https:\/\/www.laperlavalles.cat\/ca\/wp-json\/wp\/v2\/product_tag?post=128403"}],"curies":[{"name":"wp","href":"https:\/\/api.w.org\/{rel}","templated":true}]}}