{"id":129713,"date":"2023-02-10T19:34:23","date_gmt":"2023-02-10T18:34:23","guid":{"rendered":"https:\/\/www.laperlavalles.cat\/product\/salsa-dostres-healthy-boy-350g-7\/"},"modified":"2023-02-10T19:34:23","modified_gmt":"2023-02-10T18:34:23","slug":"salsa-dostres-healthy-boy-350g-7","status":"publish","type":"product","link":"https:\/\/www.laperlavalles.cat\/ca\/producte\/salsa-dostres-healthy-boy-350g-7\/","title":{"rendered":"SALSA D&#8217;OSTRES HEALTHY BOY 350G"},"content":{"rendered":"<p>La salsa d&#8217;ostres \u00e9s l&#8217;\u00e0nima i l&#8217;ess\u00e8ncia de la cuina xinesa i oriental. El seu sabor \u00e9s umami amb un toc dol\u00e7, arom\u00e0tic i subtil de marisc. Aporta a la carn un atractiu color daurat.<\/p>\n","protected":false},"excerpt":{"rendered":"<p>La salsa d&#8217;ostres \u00e9s l&#8217;\u00e0nima i l&#8217;ess\u00e8ncia de la cuina xinesa i oriental. El seu sabor \u00e9s umami amb un toc dol\u00e7, arom\u00e0tic i subtil de<span class=\"excerpt-hellip\"> [\u2026]<\/span><\/p>\n","protected":false},"featured_media":129709,"comment_status":"open","ping_status":"closed","template":"","meta":[],"product_cat":[8411,8504],"product_tag":[],"_links":{"self":[{"href":"https:\/\/www.laperlavalles.cat\/ca\/wp-json\/wp\/v2\/product\/129713"}],"collection":[{"href":"https:\/\/www.laperlavalles.cat\/ca\/wp-json\/wp\/v2\/product"}],"about":[{"href":"https:\/\/www.laperlavalles.cat\/ca\/wp-json\/wp\/v2\/types\/product"}],"replies":[{"embeddable":true,"href":"https:\/\/www.laperlavalles.cat\/ca\/wp-json\/wp\/v2\/comments?post=129713"}],"wp:featuredmedia":[{"embeddable":true,"href":"https:\/\/www.laperlavalles.cat\/ca\/wp-json\/wp\/v2\/media\/129709"}],"wp:attachment":[{"href":"https:\/\/www.laperlavalles.cat\/ca\/wp-json\/wp\/v2\/media?parent=129713"}],"wp:term":[{"taxonomy":"product_cat","embeddable":true,"href":"https:\/\/www.laperlavalles.cat\/ca\/wp-json\/wp\/v2\/product_cat?post=129713"},{"taxonomy":"product_tag","embeddable":true,"href":"https:\/\/www.laperlavalles.cat\/ca\/wp-json\/wp\/v2\/product_tag?post=129713"}],"curies":[{"name":"wp","href":"https:\/\/api.w.org\/{rel}","templated":true}]}}