{"id":130198,"date":"2023-02-13T12:15:32","date_gmt":"2023-02-13T11:15:32","guid":{"rendered":"https:\/\/www.laperlavalles.cat\/product\/farina-de-mill-soungouf-kumba-1kg-6\/"},"modified":"2023-02-13T12:15:32","modified_gmt":"2023-02-13T11:15:32","slug":"farina-de-mill-soungouf-kumba-1kg-6","status":"publish","type":"product","link":"https:\/\/www.laperlavalles.cat\/ca\/producte\/farina-de-mill-soungouf-kumba-1kg-6\/","title":{"rendered":"FARINA DE MILL SOUNGOUF KUMBA 1KG"},"content":{"rendered":"<p>La Perla \u00e9s especialista en la distribuci\u00f3 de farines procedents d&#8217;\u00c0frica. Consulta el nostre cat\u00e0leg complet de productes alimentaris d&#8217;origen afric\u00e0.<\/p>\n","protected":false},"excerpt":{"rendered":"<p>La Perla \u00e9s especialista en la distribuci\u00f3 de farines procedents d&#8217;\u00c0frica. Consulta el nostre cat\u00e0leg complet de productes alimentaris d&#8217;origen afric\u00e0.<\/p>\n","protected":false},"featured_media":130194,"comment_status":"open","ping_status":"closed","template":"","meta":[],"product_cat":[8514,8418],"product_tag":[],"_links":{"self":[{"href":"https:\/\/www.laperlavalles.cat\/ca\/wp-json\/wp\/v2\/product\/130198"}],"collection":[{"href":"https:\/\/www.laperlavalles.cat\/ca\/wp-json\/wp\/v2\/product"}],"about":[{"href":"https:\/\/www.laperlavalles.cat\/ca\/wp-json\/wp\/v2\/types\/product"}],"replies":[{"embeddable":true,"href":"https:\/\/www.laperlavalles.cat\/ca\/wp-json\/wp\/v2\/comments?post=130198"}],"wp:featuredmedia":[{"embeddable":true,"href":"https:\/\/www.laperlavalles.cat\/ca\/wp-json\/wp\/v2\/media\/130194"}],"wp:attachment":[{"href":"https:\/\/www.laperlavalles.cat\/ca\/wp-json\/wp\/v2\/media?parent=130198"}],"wp:term":[{"taxonomy":"product_cat","embeddable":true,"href":"https:\/\/www.laperlavalles.cat\/ca\/wp-json\/wp\/v2\/product_cat?post=130198"},{"taxonomy":"product_tag","embeddable":true,"href":"https:\/\/www.laperlavalles.cat\/ca\/wp-json\/wp\/v2\/product_tag?post=130198"}],"curies":[{"name":"wp","href":"https:\/\/api.w.org\/{rel}","templated":true}]}}