{"id":156390,"date":"2023-06-22T17:41:03","date_gmt":"2023-06-22T15:41:12","guid":{"rendered":"https:\/\/www.laperlavalles.cat\/product\/producte-9\/"},"modified":"2024-07-10T16:42:55","modified_gmt":"2024-07-10T14:42:55","slug":"producte-9","status":"publish","type":"product","link":"https:\/\/www.laperlavalles.cat\/ca\/producte\/producte-9\/","title":{"rendered":"BIGEN SPEEDY COLOR HOME -100- NEGRE PUR"},"content":{"rendered":"<p>\u00e9s una f\u00f3rmula \u00fanica amb agents condicionadors (Oli d&#8217;Oliva, Glicerina i Pullulan) que proporciona un to natural, brillantor i hidrataci\u00f3 penetrant profundament a cada cabell. Resultats naturals daspecte saludable. Sense amon\u00edac.<\/p>\n","protected":false},"excerpt":{"rendered":"<p>\u00e9s una f\u00f3rmula \u00fanica amb agents condicionadors (Oli d&#8217;Oliva, Glicerina i Pullulan) que proporciona un to natural, brillantor i hidrataci\u00f3 penetrant profundament a cada cabell. Resultats<span class=\"excerpt-hellip\"> [\u2026]<\/span><\/p>\n","protected":false},"featured_media":156382,"comment_status":"open","ping_status":"closed","template":"","meta":[],"product_cat":[8424,8527],"product_tag":[],"_links":{"self":[{"href":"https:\/\/www.laperlavalles.cat\/ca\/wp-json\/wp\/v2\/product\/156390"}],"collection":[{"href":"https:\/\/www.laperlavalles.cat\/ca\/wp-json\/wp\/v2\/product"}],"about":[{"href":"https:\/\/www.laperlavalles.cat\/ca\/wp-json\/wp\/v2\/types\/product"}],"replies":[{"embeddable":true,"href":"https:\/\/www.laperlavalles.cat\/ca\/wp-json\/wp\/v2\/comments?post=156390"}],"wp:featuredmedia":[{"embeddable":true,"href":"https:\/\/www.laperlavalles.cat\/ca\/wp-json\/wp\/v2\/media\/156382"}],"wp:attachment":[{"href":"https:\/\/www.laperlavalles.cat\/ca\/wp-json\/wp\/v2\/media?parent=156390"}],"wp:term":[{"taxonomy":"product_cat","embeddable":true,"href":"https:\/\/www.laperlavalles.cat\/ca\/wp-json\/wp\/v2\/product_cat?post=156390"},{"taxonomy":"product_tag","embeddable":true,"href":"https:\/\/www.laperlavalles.cat\/ca\/wp-json\/wp\/v2\/product_tag?post=156390"}],"curies":[{"name":"wp","href":"https:\/\/api.w.org\/{rel}","templated":true}]}}