{"id":156410,"date":"2023-06-22T17:51:03","date_gmt":"2023-06-22T15:51:13","guid":{"rendered":"https:\/\/www.laperlavalles.cat\/product\/producte-10\/"},"modified":"2024-07-10T16:48:07","modified_gmt":"2024-07-10T14:48:07","slug":"producte-10","status":"publish","type":"product","link":"https:\/\/www.laperlavalles.cat\/ca\/producte\/producte-10\/","title":{"rendered":"BIGEN SPEEDY COLOR HOME -105- MARR\u00d3 MITJ\u00c0"},"content":{"rendered":"<p>una f\u00f3rmula \u00fanica amb agents condicionants (oli d&#8217;oliva, glicrina i pullulan) que aporta ombra, brillantor i humitat naturals penetrant profundament en cada cabell. Resultats naturals d&#8217;aspecte saludable. no \u00e9s amon\u00edac.<\/p>\n","protected":false},"excerpt":{"rendered":"<p>una f\u00f3rmula \u00fanica amb agents condicionants (oli d&#8217;oliva, glicrina i pullulan) que aporta ombra, brillantor i humitat naturals penetrant profundament en cada cabell. Resultats naturals d&#8217;aspecte<span class=\"excerpt-hellip\"> [\u2026]<\/span><\/p>\n","protected":false},"featured_media":156402,"comment_status":"open","ping_status":"closed","template":"","meta":[],"product_cat":[8424,8527],"product_tag":[],"_links":{"self":[{"href":"https:\/\/www.laperlavalles.cat\/ca\/wp-json\/wp\/v2\/product\/156410"}],"collection":[{"href":"https:\/\/www.laperlavalles.cat\/ca\/wp-json\/wp\/v2\/product"}],"about":[{"href":"https:\/\/www.laperlavalles.cat\/ca\/wp-json\/wp\/v2\/types\/product"}],"replies":[{"embeddable":true,"href":"https:\/\/www.laperlavalles.cat\/ca\/wp-json\/wp\/v2\/comments?post=156410"}],"wp:featuredmedia":[{"embeddable":true,"href":"https:\/\/www.laperlavalles.cat\/ca\/wp-json\/wp\/v2\/media\/156402"}],"wp:attachment":[{"href":"https:\/\/www.laperlavalles.cat\/ca\/wp-json\/wp\/v2\/media?parent=156410"}],"wp:term":[{"taxonomy":"product_cat","embeddable":true,"href":"https:\/\/www.laperlavalles.cat\/ca\/wp-json\/wp\/v2\/product_cat?post=156410"},{"taxonomy":"product_tag","embeddable":true,"href":"https:\/\/www.laperlavalles.cat\/ca\/wp-json\/wp\/v2\/product_tag?post=156410"}],"curies":[{"name":"wp","href":"https:\/\/api.w.org\/{rel}","templated":true}]}}