{"id":177557,"date":"2023-10-20T11:51:08","date_gmt":"2023-10-20T09:51:18","guid":{"rendered":"https:\/\/www.laperlavalles.cat\/product\/producte-19\/"},"modified":"2025-12-04T14:31:43","modified_gmt":"2025-12-04T13:31:43","slug":"producte-19","status":"publish","type":"product","link":"https:\/\/www.laperlavalles.cat\/ca\/producte\/producte-19\/","title":{"rendered":"SALSA DE SOJA SENSE GLUTEN 500ML MEGACHEF"},"content":{"rendered":"<p>La SALSA DE SOJA SENSE GLUTEN 500ML MEGACHEF \u00e9s una salsa d&#8217;estil japon\u00e8s elaborada de manera tradicional amb soja no transg\u00e8nica, sense afegits artificials ni MSG. Ideal per a persones amb intoler\u00e0ncia al gluten, \u00e9s perfecta per a marinar, saltejar, amanir amanides o com a salsa per a sushi.<\/p>\n","protected":false},"excerpt":{"rendered":"<p>La SALSA DE SOJA SENSE GLUTEN 500ML MEGACHEF \u00e9s una salsa d&#8217;estil japon\u00e8s elaborada de manera tradicional amb soja no transg\u00e8nica, sense afegits artificials ni MSG.<span class=\"excerpt-hellip\"> [\u2026]<\/span><\/p>\n","protected":false},"featured_media":177549,"comment_status":"open","ping_status":"closed","template":"","meta":[],"product_cat":[10617],"product_tag":[],"_links":{"self":[{"href":"https:\/\/www.laperlavalles.cat\/ca\/wp-json\/wp\/v2\/product\/177557"}],"collection":[{"href":"https:\/\/www.laperlavalles.cat\/ca\/wp-json\/wp\/v2\/product"}],"about":[{"href":"https:\/\/www.laperlavalles.cat\/ca\/wp-json\/wp\/v2\/types\/product"}],"replies":[{"embeddable":true,"href":"https:\/\/www.laperlavalles.cat\/ca\/wp-json\/wp\/v2\/comments?post=177557"}],"wp:featuredmedia":[{"embeddable":true,"href":"https:\/\/www.laperlavalles.cat\/ca\/wp-json\/wp\/v2\/media\/177549"}],"wp:attachment":[{"href":"https:\/\/www.laperlavalles.cat\/ca\/wp-json\/wp\/v2\/media?parent=177557"}],"wp:term":[{"taxonomy":"product_cat","embeddable":true,"href":"https:\/\/www.laperlavalles.cat\/ca\/wp-json\/wp\/v2\/product_cat?post=177557"},{"taxonomy":"product_tag","embeddable":true,"href":"https:\/\/www.laperlavalles.cat\/ca\/wp-json\/wp\/v2\/product_tag?post=177557"}],"curies":[{"name":"wp","href":"https:\/\/api.w.org\/{rel}","templated":true}]}}