{"id":177652,"date":"2023-10-20T12:01:09","date_gmt":"2023-10-20T10:01:20","guid":{"rendered":"https:\/\/www.laperlavalles.cat\/product\/producte-25\/"},"modified":"2025-11-13T13:50:36","modified_gmt":"2025-11-13T12:50:36","slug":"producte-25","status":"publish","type":"product","link":"https:\/\/www.laperlavalles.cat\/ca\/producte\/producte-25\/","title":{"rendered":"SALSA DE SOJA DOL\u00c7A FOSCA 500ML MEGACHEF"},"content":{"rendered":"<p>La SALSA DE SOJA DOL\u00c7A FOSCA 500ML MEGACHEF \u00e9s una salsa d&#8217;estil asi\u00e0tic elaborada amb soja de qualitat i sucre de palma, oferint un sabor dol\u00e7 i profund. Ideal per marinar, saltejar o com a salsa per a plats com satay, noodles o amanides<\/p>\n","protected":false},"excerpt":{"rendered":"<p>La SALSA DE SOJA DOL\u00c7A FOSCA 500ML MEGACHEF \u00e9s una salsa d&#8217;estil asi\u00e0tic elaborada amb soja de qualitat i sucre de palma, oferint un sabor dol\u00e7<span class=\"excerpt-hellip\"> [\u2026]<\/span><\/p>\n","protected":false},"featured_media":177644,"comment_status":"open","ping_status":"closed","template":"","meta":[],"product_cat":[10617],"product_tag":[],"_links":{"self":[{"href":"https:\/\/www.laperlavalles.cat\/ca\/wp-json\/wp\/v2\/product\/177652"}],"collection":[{"href":"https:\/\/www.laperlavalles.cat\/ca\/wp-json\/wp\/v2\/product"}],"about":[{"href":"https:\/\/www.laperlavalles.cat\/ca\/wp-json\/wp\/v2\/types\/product"}],"replies":[{"embeddable":true,"href":"https:\/\/www.laperlavalles.cat\/ca\/wp-json\/wp\/v2\/comments?post=177652"}],"wp:featuredmedia":[{"embeddable":true,"href":"https:\/\/www.laperlavalles.cat\/ca\/wp-json\/wp\/v2\/media\/177644"}],"wp:attachment":[{"href":"https:\/\/www.laperlavalles.cat\/ca\/wp-json\/wp\/v2\/media?parent=177652"}],"wp:term":[{"taxonomy":"product_cat","embeddable":true,"href":"https:\/\/www.laperlavalles.cat\/ca\/wp-json\/wp\/v2\/product_cat?post=177652"},{"taxonomy":"product_tag","embeddable":true,"href":"https:\/\/www.laperlavalles.cat\/ca\/wp-json\/wp\/v2\/product_tag?post=177652"}],"curies":[{"name":"wp","href":"https:\/\/api.w.org\/{rel}","templated":true}]}}