{"id":178495,"date":"2024-06-05T14:50:08","date_gmt":"2024-06-05T12:50:16","guid":{"rendered":"https:\/\/www.laperlavalles.cat\/product\/producte-73\/"},"modified":"2025-02-28T09:40:34","modified_gmt":"2025-02-28T08:40:34","slug":"producte-73","status":"publish","type":"product","link":"https:\/\/www.laperlavalles.cat\/ca\/producte\/producte-73\/","title":{"rendered":"Oli de s\u00e8sam 70% S\u00e8sam 30% Soja Pearl River Bridge 500ml"},"content":{"rendered":"<p>L&#8217;oli de s\u00e8sam 70% s\u00e8sam 30% soia \u00e9s un producte saludable i delici\u00f3s que es pot usar en una varietat de plats. Est\u00e0 fet amb una mescla de 70% d&#8217;oli de s\u00e8sam pur i 30% d&#8217;oli de soia, la qual cosa li dona un sabor ric i robust. L&#8217;oli \u00e9s una bona font d&#8217;\u00e0cids grassos essencials, que s\u00f3n importants per a la salut del cor i el cervell. Tamb\u00e9 \u00e9s una bona font de vitamina E, un antioxidant que ajuda a protegir les c\u00e8l\u00b7lules del mal.<\/p>\n","protected":false},"excerpt":{"rendered":"<p>L&#8217;oli de s\u00e8sam 70% s\u00e8sam 30% soia \u00e9s un producte saludable i delici\u00f3s que es pot usar en una varietat de plats. Est\u00e0 fet amb una<span class=\"excerpt-hellip\"> [\u2026]<\/span><\/p>\n","protected":false},"featured_media":178487,"comment_status":"open","ping_status":"closed","template":"","meta":[],"product_cat":[8411,8504],"product_tag":[],"_links":{"self":[{"href":"https:\/\/www.laperlavalles.cat\/ca\/wp-json\/wp\/v2\/product\/178495"}],"collection":[{"href":"https:\/\/www.laperlavalles.cat\/ca\/wp-json\/wp\/v2\/product"}],"about":[{"href":"https:\/\/www.laperlavalles.cat\/ca\/wp-json\/wp\/v2\/types\/product"}],"replies":[{"embeddable":true,"href":"https:\/\/www.laperlavalles.cat\/ca\/wp-json\/wp\/v2\/comments?post=178495"}],"wp:featuredmedia":[{"embeddable":true,"href":"https:\/\/www.laperlavalles.cat\/ca\/wp-json\/wp\/v2\/media\/178487"}],"wp:attachment":[{"href":"https:\/\/www.laperlavalles.cat\/ca\/wp-json\/wp\/v2\/media?parent=178495"}],"wp:term":[{"taxonomy":"product_cat","embeddable":true,"href":"https:\/\/www.laperlavalles.cat\/ca\/wp-json\/wp\/v2\/product_cat?post=178495"},{"taxonomy":"product_tag","embeddable":true,"href":"https:\/\/www.laperlavalles.cat\/ca\/wp-json\/wp\/v2\/product_tag?post=178495"}],"curies":[{"name":"wp","href":"https:\/\/api.w.org\/{rel}","templated":true}]}}