{"id":178590,"date":"2024-06-05T15:00:13","date_gmt":"2024-06-05T13:00:25","guid":{"rendered":"https:\/\/www.laperlavalles.cat\/product\/producte-79\/"},"modified":"2025-02-28T10:16:09","modified_gmt":"2025-02-28T09:16:09","slug":"producte-79","status":"publish","type":"product","link":"https:\/\/www.laperlavalles.cat\/ca\/producte\/producte-79\/","title":{"rendered":"Oli de s\u00e8sam 70% S\u00e8sam 30% Soja Pearl River Bridge 1,8l"},"content":{"rendered":"<p>L&#8217;oli de s\u00e8sam 70% s\u00e8sam 30% soia \u00e9s un producte saludable i delici\u00f3s que es pot usar en una varietat de plats. Est\u00e0 fet amb una mescla de 70% d&#8217;oli de s\u00e8sam pur i 30% d&#8217;oli de soja, la qual cosa li dona un sabor ric i robust. L&#8217;oli \u00e9s una bona font d&#8217;\u00e0cids grassos essencials, que s\u00f3n importants per a la salut del cor i el cervell. Tamb\u00e9 \u00e9s una bona font de vitamina E, un antioxidant que ajuda a protegir les c\u00e8l\u00b7lules del mal.<\/p>\n","protected":false},"excerpt":{"rendered":"<p>L&#8217;oli de s\u00e8sam 70% s\u00e8sam 30% soia \u00e9s un producte saludable i delici\u00f3s que es pot usar en una varietat de plats. Est\u00e0 fet amb una<span class=\"excerpt-hellip\"> [\u2026]<\/span><\/p>\n","protected":false},"featured_media":178577,"comment_status":"open","ping_status":"closed","template":"","meta":[],"product_cat":[8411,8504],"product_tag":[],"_links":{"self":[{"href":"https:\/\/www.laperlavalles.cat\/ca\/wp-json\/wp\/v2\/product\/178590"}],"collection":[{"href":"https:\/\/www.laperlavalles.cat\/ca\/wp-json\/wp\/v2\/product"}],"about":[{"href":"https:\/\/www.laperlavalles.cat\/ca\/wp-json\/wp\/v2\/types\/product"}],"replies":[{"embeddable":true,"href":"https:\/\/www.laperlavalles.cat\/ca\/wp-json\/wp\/v2\/comments?post=178590"}],"wp:featuredmedia":[{"embeddable":true,"href":"https:\/\/www.laperlavalles.cat\/ca\/wp-json\/wp\/v2\/media\/178577"}],"wp:attachment":[{"href":"https:\/\/www.laperlavalles.cat\/ca\/wp-json\/wp\/v2\/media?parent=178590"}],"wp:term":[{"taxonomy":"product_cat","embeddable":true,"href":"https:\/\/www.laperlavalles.cat\/ca\/wp-json\/wp\/v2\/product_cat?post=178590"},{"taxonomy":"product_tag","embeddable":true,"href":"https:\/\/www.laperlavalles.cat\/ca\/wp-json\/wp\/v2\/product_tag?post=178590"}],"curies":[{"name":"wp","href":"https:\/\/api.w.org\/{rel}","templated":true}]}}