{"id":179534,"date":"2024-09-23T10:26:08","date_gmt":"2024-09-23T08:26:12","guid":{"rendered":"https:\/\/www.laperlavalles.cat\/product\/producte-94\/"},"modified":"2025-02-18T14:10:40","modified_gmt":"2025-02-18T13:10:40","slug":"producte-94","status":"publish","type":"product","link":"https:\/\/www.laperlavalles.cat\/ca\/producte\/producte-94\/","title":{"rendered":"Sopa light en pols 120g Ambramart"},"content":{"rendered":"<p>Soup\u00a0Light\u00a0Soup\u00a0Powder\u00a0\u00e9s una pols de sopa lleuger i sabor\u00f3s que est\u00e0 fet amb ingredients d&#8217;alta qualitat. No cont\u00e9 conservants ni sabors artificials, i \u00e9s una bona font de fibra i prote\u00efnes.\u00a0Soup\u00a0Light\u00a0Soup\u00a0Powder\u00e9s una forma r\u00e0pida i f\u00e0cil de gaudir d&#8217;una sopa deliciosa i nutritiva.<\/p>\n","protected":false},"excerpt":{"rendered":"<p>Soup\u00a0Light\u00a0Soup\u00a0Powder\u00a0\u00e9s una pols de sopa lleuger i sabor\u00f3s que est\u00e0 fet amb ingredients d&#8217;alta qualitat. No cont\u00e9 conservants ni sabors artificials, i \u00e9s una bona font<span class=\"excerpt-hellip\"> [\u2026]<\/span><\/p>\n","protected":false},"featured_media":179526,"comment_status":"open","ping_status":"closed","template":"","meta":[],"product_cat":[8513],"product_tag":[],"_links":{"self":[{"href":"https:\/\/www.laperlavalles.cat\/ca\/wp-json\/wp\/v2\/product\/179534"}],"collection":[{"href":"https:\/\/www.laperlavalles.cat\/ca\/wp-json\/wp\/v2\/product"}],"about":[{"href":"https:\/\/www.laperlavalles.cat\/ca\/wp-json\/wp\/v2\/types\/product"}],"replies":[{"embeddable":true,"href":"https:\/\/www.laperlavalles.cat\/ca\/wp-json\/wp\/v2\/comments?post=179534"}],"wp:featuredmedia":[{"embeddable":true,"href":"https:\/\/www.laperlavalles.cat\/ca\/wp-json\/wp\/v2\/media\/179526"}],"wp:attachment":[{"href":"https:\/\/www.laperlavalles.cat\/ca\/wp-json\/wp\/v2\/media?parent=179534"}],"wp:term":[{"taxonomy":"product_cat","embeddable":true,"href":"https:\/\/www.laperlavalles.cat\/ca\/wp-json\/wp\/v2\/product_cat?post=179534"},{"taxonomy":"product_tag","embeddable":true,"href":"https:\/\/www.laperlavalles.cat\/ca\/wp-json\/wp\/v2\/product_tag?post=179534"}],"curies":[{"name":"wp","href":"https:\/\/api.w.org\/{rel}","templated":true}]}}