{"id":179651,"date":"2024-12-18T08:51:22","date_gmt":"2024-12-18T07:51:29","guid":{"rendered":"https:\/\/www.laperlavalles.cat\/product\/fideus-mie-goreng-200g-balikitchen\/"},"modified":"2025-01-07T14:01:47","modified_gmt":"2025-01-07T13:01:47","slug":"fideus-mie-goreng-200g-balikitchen","status":"publish","type":"product","link":"https:\/\/www.laperlavalles.cat\/ca\/producte\/fideus-mie-goreng-200g-balikitchen\/","title":{"rendered":"Fideus Mie Goreng 200g BaliKitchen"},"content":{"rendered":"<p>Fideus elaborats amb farina de blat, sal aigua i c\u00farcuma. Producte 100% natural sense colorants ni conservants artificials. Ideals per a l&#8217;elaboraci\u00f3 del conegut plat d&#8217;Indon\u00e8sia Mie Goreng. Es cuinen simplement abocant-hi aigua bullint i esperant 3 minuts. Despr\u00e9s s&#8217;escorren i es poden afegir al plat que vulguis, ja sigui cald\u00f3s o saltat.<\/p>\n","protected":false},"excerpt":{"rendered":"<p>Fideus elaborats amb farina de blat, sal aigua i c\u00farcuma. Producte 100% natural sense colorants ni conservants artificials. Ideals per a l&#8217;elaboraci\u00f3 del conegut plat d&#8217;Indon\u00e8sia<span class=\"excerpt-hellip\"> [\u2026]<\/span><\/p>\n","protected":false},"featured_media":179643,"comment_status":"open","ping_status":"closed","template":"","meta":[],"product_cat":[10617],"product_tag":[],"_links":{"self":[{"href":"https:\/\/www.laperlavalles.cat\/ca\/wp-json\/wp\/v2\/product\/179651"}],"collection":[{"href":"https:\/\/www.laperlavalles.cat\/ca\/wp-json\/wp\/v2\/product"}],"about":[{"href":"https:\/\/www.laperlavalles.cat\/ca\/wp-json\/wp\/v2\/types\/product"}],"replies":[{"embeddable":true,"href":"https:\/\/www.laperlavalles.cat\/ca\/wp-json\/wp\/v2\/comments?post=179651"}],"wp:featuredmedia":[{"embeddable":true,"href":"https:\/\/www.laperlavalles.cat\/ca\/wp-json\/wp\/v2\/media\/179643"}],"wp:attachment":[{"href":"https:\/\/www.laperlavalles.cat\/ca\/wp-json\/wp\/v2\/media?parent=179651"}],"wp:term":[{"taxonomy":"product_cat","embeddable":true,"href":"https:\/\/www.laperlavalles.cat\/ca\/wp-json\/wp\/v2\/product_cat?post=179651"},{"taxonomy":"product_tag","embeddable":true,"href":"https:\/\/www.laperlavalles.cat\/ca\/wp-json\/wp\/v2\/product_tag?post=179651"}],"curies":[{"name":"wp","href":"https:\/\/api.w.org\/{rel}","templated":true}]}}