{"id":179691,"date":"2024-12-18T08:53:06","date_gmt":"2024-12-18T07:53:13","guid":{"rendered":"https:\/\/www.laperlavalles.cat\/product\/fideus-vegetals-200g-balikitchen\/"},"modified":"2026-04-09T15:22:55","modified_gmt":"2026-04-09T13:22:55","slug":"fideus-vegetals-200g-balikitchen","status":"publish","type":"product","link":"https:\/\/www.laperlavalles.cat\/ca\/producte\/fideus-vegetals-200g-balikitchen\/","title":{"rendered":"Fideus vegetals 200g BaliKitchen"},"content":{"rendered":"<p>Aquests deliciosos fideus, rics en verdures, s\u00f3n l&#8217;acompanyament perfecte per als seus plats sans i saborosos. Ideals per a un menjar r\u00e0pid, un tentempi\u00e9 lleuger o com a base per a les seves creatives creacions culin\u00e0ries.<\/p>\n","protected":false},"excerpt":{"rendered":"<p>Aquests deliciosos fideus, rics en verdures, s\u00f3n l&#8217;acompanyament perfecte per als seus plats sans i saborosos. Ideals per a un menjar r\u00e0pid, un tentempi\u00e9 lleuger o<span class=\"excerpt-hellip\"> [\u2026]<\/span><\/p>\n","protected":false},"featured_media":179683,"comment_status":"open","ping_status":"closed","template":"","meta":[],"product_cat":[10617],"product_tag":[],"_links":{"self":[{"href":"https:\/\/www.laperlavalles.cat\/ca\/wp-json\/wp\/v2\/product\/179691"}],"collection":[{"href":"https:\/\/www.laperlavalles.cat\/ca\/wp-json\/wp\/v2\/product"}],"about":[{"href":"https:\/\/www.laperlavalles.cat\/ca\/wp-json\/wp\/v2\/types\/product"}],"replies":[{"embeddable":true,"href":"https:\/\/www.laperlavalles.cat\/ca\/wp-json\/wp\/v2\/comments?post=179691"}],"wp:featuredmedia":[{"embeddable":true,"href":"https:\/\/www.laperlavalles.cat\/ca\/wp-json\/wp\/v2\/media\/179683"}],"wp:attachment":[{"href":"https:\/\/www.laperlavalles.cat\/ca\/wp-json\/wp\/v2\/media?parent=179691"}],"wp:term":[{"taxonomy":"product_cat","embeddable":true,"href":"https:\/\/www.laperlavalles.cat\/ca\/wp-json\/wp\/v2\/product_cat?post=179691"},{"taxonomy":"product_tag","embeddable":true,"href":"https:\/\/www.laperlavalles.cat\/ca\/wp-json\/wp\/v2\/product_tag?post=179691"}],"curies":[{"name":"wp","href":"https:\/\/api.w.org\/{rel}","templated":true}]}}