{"id":179836,"date":"2024-12-18T09:08:06","date_gmt":"2024-12-18T08:08:12","guid":{"rendered":"https:\/\/www.laperlavalles.cat\/product\/salsa-de-soia-dolca-ketjap-manis-200ml-balikitchen\/"},"modified":"2025-01-07T11:18:23","modified_gmt":"2025-01-07T10:18:23","slug":"salsa-de-soia-dolca-ketjap-manis-200ml-balikitchen","status":"publish","type":"product","link":"https:\/\/www.laperlavalles.cat\/ca\/producte\/salsa-de-soia-dolca-ketjap-manis-200ml-balikitchen\/","title":{"rendered":"Salsa de soia dol\u00e7a (KetJap Manis) 200ml BaliKitchen"},"content":{"rendered":"<p>La salsa de soia dol\u00e7a s&#8217;utilitza principalment en la cuina indon\u00e8sia. Amb una rica mescla de sucre de palma i esp\u00e8cies, \u00e9s un ingredient indispensable per al\u00a0Nasi\u00a0Gorengund\u00a0i altres plats salteados.la salsa de soia dol\u00e7a Bali\u00a0Kitchen\u00a0s&#8217;elabora sense colorants ni conservants artificials.<\/p>\n","protected":false},"excerpt":{"rendered":"<p>La salsa de soia dol\u00e7a s&#8217;utilitza principalment en la cuina indon\u00e8sia. Amb una rica mescla de sucre de palma i esp\u00e8cies, \u00e9s un ingredient indispensable per<span class=\"excerpt-hellip\"> [\u2026]<\/span><\/p>\n","protected":false},"featured_media":179828,"comment_status":"open","ping_status":"closed","template":"","meta":[],"product_cat":[8411,8504],"product_tag":[],"_links":{"self":[{"href":"https:\/\/www.laperlavalles.cat\/ca\/wp-json\/wp\/v2\/product\/179836"}],"collection":[{"href":"https:\/\/www.laperlavalles.cat\/ca\/wp-json\/wp\/v2\/product"}],"about":[{"href":"https:\/\/www.laperlavalles.cat\/ca\/wp-json\/wp\/v2\/types\/product"}],"replies":[{"embeddable":true,"href":"https:\/\/www.laperlavalles.cat\/ca\/wp-json\/wp\/v2\/comments?post=179836"}],"wp:featuredmedia":[{"embeddable":true,"href":"https:\/\/www.laperlavalles.cat\/ca\/wp-json\/wp\/v2\/media\/179828"}],"wp:attachment":[{"href":"https:\/\/www.laperlavalles.cat\/ca\/wp-json\/wp\/v2\/media?parent=179836"}],"wp:term":[{"taxonomy":"product_cat","embeddable":true,"href":"https:\/\/www.laperlavalles.cat\/ca\/wp-json\/wp\/v2\/product_cat?post=179836"},{"taxonomy":"product_tag","embeddable":true,"href":"https:\/\/www.laperlavalles.cat\/ca\/wp-json\/wp\/v2\/product_tag?post=179836"}],"curies":[{"name":"wp","href":"https:\/\/api.w.org\/{rel}","templated":true}]}}