{"id":179906,"date":"2024-12-18T09:11:20","date_gmt":"2024-12-18T08:11:27","guid":{"rendered":"https:\/\/www.laperlavalles.cat\/product\/salsa-bami-goreng-50g-balikitchen\/"},"modified":"2025-04-22T15:31:46","modified_gmt":"2025-04-22T13:31:46","slug":"salsa-bami-goreng-50g-balikitchen","status":"publish","type":"product","link":"https:\/\/www.laperlavalles.cat\/ca\/producte\/salsa-bami-goreng-50g-balikitchen\/","title":{"rendered":"Salsa Bami Goreng 50g BaliKitchen"},"content":{"rendered":"<p>La salsa picant Bami Goreng de Bali Kitchen s&#8217;utilitza per preparar el plat aut\u00e8ntic indonesi Bami Goreng, amb una mescla picant d&#8217;herbes arom\u00e0tiques i esp\u00e8cies.<\/p>\n","protected":false},"excerpt":{"rendered":"<p>La salsa picant Bami Goreng de Bali Kitchen s&#8217;utilitza per preparar el plat aut\u00e8ntic indonesi Bami Goreng, amb una mescla picant d&#8217;herbes arom\u00e0tiques i esp\u00e8cies.<\/p>\n","protected":false},"featured_media":179898,"comment_status":"open","ping_status":"closed","template":"","meta":[],"product_cat":[8411,8504],"product_tag":[],"_links":{"self":[{"href":"https:\/\/www.laperlavalles.cat\/ca\/wp-json\/wp\/v2\/product\/179906"}],"collection":[{"href":"https:\/\/www.laperlavalles.cat\/ca\/wp-json\/wp\/v2\/product"}],"about":[{"href":"https:\/\/www.laperlavalles.cat\/ca\/wp-json\/wp\/v2\/types\/product"}],"replies":[{"embeddable":true,"href":"https:\/\/www.laperlavalles.cat\/ca\/wp-json\/wp\/v2\/comments?post=179906"}],"wp:featuredmedia":[{"embeddable":true,"href":"https:\/\/www.laperlavalles.cat\/ca\/wp-json\/wp\/v2\/media\/179898"}],"wp:attachment":[{"href":"https:\/\/www.laperlavalles.cat\/ca\/wp-json\/wp\/v2\/media?parent=179906"}],"wp:term":[{"taxonomy":"product_cat","embeddable":true,"href":"https:\/\/www.laperlavalles.cat\/ca\/wp-json\/wp\/v2\/product_cat?post=179906"},{"taxonomy":"product_tag","embeddable":true,"href":"https:\/\/www.laperlavalles.cat\/ca\/wp-json\/wp\/v2\/product_tag?post=179906"}],"curies":[{"name":"wp","href":"https:\/\/api.w.org\/{rel}","templated":true}]}}