{"id":180071,"date":"2024-12-18T09:20:38","date_gmt":"2024-12-18T08:20:38","guid":{"rendered":"https:\/\/www.laperlavalles.cat\/product\/balibulan-wonton-200g-balikitchen-2\/"},"modified":"2024-12-18T09:20:38","modified_gmt":"2024-12-18T08:20:38","slug":"balibulan-wonton-200g-balikitchen-2","status":"publish","type":"product","link":"https:\/\/www.laperlavalles.cat\/ca\/producte\/balibulan-wonton-200g-balikitchen-2\/","title":{"rendered":"Balibulan Wonton 200g BaliKitchen"},"content":{"rendered":"<p>Els fideus Wonton obtens una idad asi\u00e0tica popular directament en la teva llar, ja sigui en plats wok, sopes o com a guarnici\u00f3, els fideus Wonton s\u00f3n molt vers\u00e0tils. Preparaci\u00f3 r\u00e0pida i f\u00e0cil. No contenen additius ni potenciadors del sabor.<\/p>\n","protected":false},"excerpt":{"rendered":"<p>Els fideus Wonton obtens una idad asi\u00e0tica popular directament en la teva llar, ja sigui en plats wok, sopes o com a guarnici\u00f3, els fideus Wonton<span class=\"excerpt-hellip\"> [\u2026]<\/span><\/p>\n","protected":false},"featured_media":180067,"comment_status":"open","ping_status":"closed","template":"","meta":[],"product_cat":[36],"product_tag":[],"_links":{"self":[{"href":"https:\/\/www.laperlavalles.cat\/ca\/wp-json\/wp\/v2\/product\/180071"}],"collection":[{"href":"https:\/\/www.laperlavalles.cat\/ca\/wp-json\/wp\/v2\/product"}],"about":[{"href":"https:\/\/www.laperlavalles.cat\/ca\/wp-json\/wp\/v2\/types\/product"}],"replies":[{"embeddable":true,"href":"https:\/\/www.laperlavalles.cat\/ca\/wp-json\/wp\/v2\/comments?post=180071"}],"wp:featuredmedia":[{"embeddable":true,"href":"https:\/\/www.laperlavalles.cat\/ca\/wp-json\/wp\/v2\/media\/180067"}],"wp:attachment":[{"href":"https:\/\/www.laperlavalles.cat\/ca\/wp-json\/wp\/v2\/media?parent=180071"}],"wp:term":[{"taxonomy":"product_cat","embeddable":true,"href":"https:\/\/www.laperlavalles.cat\/ca\/wp-json\/wp\/v2\/product_cat?post=180071"},{"taxonomy":"product_tag","embeddable":true,"href":"https:\/\/www.laperlavalles.cat\/ca\/wp-json\/wp\/v2\/product_tag?post=180071"}],"curies":[{"name":"wp","href":"https:\/\/api.w.org\/{rel}","templated":true}]}}