{"id":180476,"date":"2024-12-18T09:48:13","date_gmt":"2024-12-18T08:48:13","guid":{"rendered":"https:\/\/www.laperlavalles.cat\/product\/salsa-de-sesam-torrat-goma-dressing-15l-beary-2\/"},"modified":"2024-12-18T09:48:13","modified_gmt":"2024-12-18T08:48:13","slug":"salsa-de-sesam-torrat-goma-dressing-15l-beary-2","status":"publish","type":"product","link":"https:\/\/www.laperlavalles.cat\/ca\/producte\/salsa-de-sesam-torrat-goma-dressing-15l-beary-2\/","title":{"rendered":"Salsa de s\u00e8sam torrat Goma dressing 1,5L Beary"},"content":{"rendered":"<p>Aquesta salsa est\u00e0 feta amb oli de s\u00e8sam, salsa de soia, vinagre d&#8217;arr\u00f2s, sucre i altres condiments. \u00c9s un bon complement per a amanides,\u00a0wraps\u00a0i\u00a0rollitos\u00a0de primavera.<\/p>\n","protected":false},"excerpt":{"rendered":"<p>Aquesta salsa est\u00e0 feta amb oli de s\u00e8sam, salsa de soia, vinagre d&#8217;arr\u00f2s, sucre i altres condiments. \u00c9s un bon complement per a amanides,\u00a0wraps\u00a0i\u00a0rollitos\u00a0de primavera.<\/p>\n","protected":false},"featured_media":180472,"comment_status":"open","ping_status":"closed","template":"","meta":[],"product_cat":[36],"product_tag":[],"_links":{"self":[{"href":"https:\/\/www.laperlavalles.cat\/ca\/wp-json\/wp\/v2\/product\/180476"}],"collection":[{"href":"https:\/\/www.laperlavalles.cat\/ca\/wp-json\/wp\/v2\/product"}],"about":[{"href":"https:\/\/www.laperlavalles.cat\/ca\/wp-json\/wp\/v2\/types\/product"}],"replies":[{"embeddable":true,"href":"https:\/\/www.laperlavalles.cat\/ca\/wp-json\/wp\/v2\/comments?post=180476"}],"wp:featuredmedia":[{"embeddable":true,"href":"https:\/\/www.laperlavalles.cat\/ca\/wp-json\/wp\/v2\/media\/180472"}],"wp:attachment":[{"href":"https:\/\/www.laperlavalles.cat\/ca\/wp-json\/wp\/v2\/media?parent=180476"}],"wp:term":[{"taxonomy":"product_cat","embeddable":true,"href":"https:\/\/www.laperlavalles.cat\/ca\/wp-json\/wp\/v2\/product_cat?post=180476"},{"taxonomy":"product_tag","embeddable":true,"href":"https:\/\/www.laperlavalles.cat\/ca\/wp-json\/wp\/v2\/product_tag?post=180476"}],"curies":[{"name":"wp","href":"https:\/\/api.w.org\/{rel}","templated":true}]}}