{"id":180586,"date":"2024-12-18T09:53:51","date_gmt":"2024-12-18T08:53:51","guid":{"rendered":"https:\/\/www.laperlavalles.cat\/product\/fulles-de-wackye-en-pols-60g-abaramart-5\/"},"modified":"2024-12-18T09:53:51","modified_gmt":"2024-12-18T08:53:51","slug":"fulles-de-wackye-en-pols-60g-abaramart-5","status":"publish","type":"product","link":"https:\/\/www.laperlavalles.cat\/ca\/producte\/fulles-de-wackye-en-pols-60g-abaramart-5\/","title":{"rendered":"Fulles de Wackye en pols 60g Abaramart"},"content":{"rendered":"<p>Les fulles de\u00a0Wackye, tamb\u00e9 conegudes com a fulles de Sida\u00a0acuta, s\u00f3n una herba medicinal que s&#8217;ha utilitzat durant segles a \u00c0frica occidental per a tractar una varietat de condicions de salut. S\u00f3n riques en antioxidants i altres compostos beneficiosos, i es diu que tenen propietats antiinflamat\u00f2ries, antibacterianes i antivirals.<\/p>\n","protected":false},"excerpt":{"rendered":"<p>Les fulles de\u00a0Wackye, tamb\u00e9 conegudes com a fulles de Sida\u00a0acuta, s\u00f3n una herba medicinal que s&#8217;ha utilitzat durant segles a \u00c0frica occidental per a tractar una<span class=\"excerpt-hellip\"> [\u2026]<\/span><\/p>\n","protected":false},"featured_media":180582,"comment_status":"open","ping_status":"closed","template":"","meta":[],"product_cat":[36],"product_tag":[],"_links":{"self":[{"href":"https:\/\/www.laperlavalles.cat\/ca\/wp-json\/wp\/v2\/product\/180586"}],"collection":[{"href":"https:\/\/www.laperlavalles.cat\/ca\/wp-json\/wp\/v2\/product"}],"about":[{"href":"https:\/\/www.laperlavalles.cat\/ca\/wp-json\/wp\/v2\/types\/product"}],"replies":[{"embeddable":true,"href":"https:\/\/www.laperlavalles.cat\/ca\/wp-json\/wp\/v2\/comments?post=180586"}],"wp:featuredmedia":[{"embeddable":true,"href":"https:\/\/www.laperlavalles.cat\/ca\/wp-json\/wp\/v2\/media\/180582"}],"wp:attachment":[{"href":"https:\/\/www.laperlavalles.cat\/ca\/wp-json\/wp\/v2\/media?parent=180586"}],"wp:term":[{"taxonomy":"product_cat","embeddable":true,"href":"https:\/\/www.laperlavalles.cat\/ca\/wp-json\/wp\/v2\/product_cat?post=180586"},{"taxonomy":"product_tag","embeddable":true,"href":"https:\/\/www.laperlavalles.cat\/ca\/wp-json\/wp\/v2\/product_tag?post=180586"}],"curies":[{"name":"wp","href":"https:\/\/api.w.org\/{rel}","templated":true}]}}