{"id":180681,"date":"2024-12-18T10:02:40","date_gmt":"2024-12-18T09:02:40","guid":{"rendered":"https:\/\/www.laperlavalles.cat\/product\/mix-de-banku-9-kg-plastic-king-africa-3\/"},"modified":"2024-12-18T10:02:40","modified_gmt":"2024-12-18T09:02:40","slug":"mix-de-banku-9-kg-plastic-king-africa-3","status":"publish","type":"product","link":"https:\/\/www.laperlavalles.cat\/ca\/producte\/mix-de-banku-9-kg-plastic-king-africa-3\/","title":{"rendered":"Mix de Banku 9 kg (Pl\u00e0stic) (King Africa)"},"content":{"rendered":"<p>El Mix de Banku \u00e9s una barreja de farina de blat de moro i arr\u00f2s, utilitzada per preparar un plat t\u00edpic de Ghana. Aquest producte es presenta en un env\u00e0s de 9 kg, ideal per a \u00fas dom\u00e8stic o professional.<\/p>\n","protected":false},"excerpt":{"rendered":"<p>El Mix de Banku \u00e9s una barreja de farina de blat de moro i arr\u00f2s, utilitzada per preparar un plat t\u00edpic de Ghana. Aquest producte es<span class=\"excerpt-hellip\"> [\u2026]<\/span><\/p>\n","protected":false},"featured_media":180677,"comment_status":"open","ping_status":"closed","template":"","meta":[],"product_cat":[36],"product_tag":[],"_links":{"self":[{"href":"https:\/\/www.laperlavalles.cat\/ca\/wp-json\/wp\/v2\/product\/180681"}],"collection":[{"href":"https:\/\/www.laperlavalles.cat\/ca\/wp-json\/wp\/v2\/product"}],"about":[{"href":"https:\/\/www.laperlavalles.cat\/ca\/wp-json\/wp\/v2\/types\/product"}],"replies":[{"embeddable":true,"href":"https:\/\/www.laperlavalles.cat\/ca\/wp-json\/wp\/v2\/comments?post=180681"}],"wp:featuredmedia":[{"embeddable":true,"href":"https:\/\/www.laperlavalles.cat\/ca\/wp-json\/wp\/v2\/media\/180677"}],"wp:attachment":[{"href":"https:\/\/www.laperlavalles.cat\/ca\/wp-json\/wp\/v2\/media?parent=180681"}],"wp:term":[{"taxonomy":"product_cat","embeddable":true,"href":"https:\/\/www.laperlavalles.cat\/ca\/wp-json\/wp\/v2\/product_cat?post=180681"},{"taxonomy":"product_tag","embeddable":true,"href":"https:\/\/www.laperlavalles.cat\/ca\/wp-json\/wp\/v2\/product_tag?post=180681"}],"curies":[{"name":"wp","href":"https:\/\/api.w.org\/{rel}","templated":true}]}}