{"id":180821,"date":"2024-12-18T10:10:41","date_gmt":"2024-12-18T09:10:41","guid":{"rendered":"https:\/\/www.laperlavalles.cat\/product\/especia-de-kontomire-60g-abaramart-3\/"},"modified":"2024-12-18T10:10:41","modified_gmt":"2024-12-18T09:10:41","slug":"especia-de-kontomire-60g-abaramart-3","status":"publish","type":"product","link":"https:\/\/www.laperlavalles.cat\/ca\/producte\/especia-de-kontomire-60g-abaramart-3\/","title":{"rendered":"Esp\u00e8cia de Kontomire 60g Abaramart"},"content":{"rendered":"<p>El kontomire \u00e9s una planta d&#8217;\u00c0frica Occidental, coneguda per les seves fulles comestibles, utilitzades en sopes i guisats.<\/p>\n","protected":false},"excerpt":{"rendered":"<p>El kontomire \u00e9s una planta d&#8217;\u00c0frica Occidental, coneguda per les seves fulles comestibles, utilitzades en sopes i guisats.<\/p>\n","protected":false},"featured_media":180817,"comment_status":"open","ping_status":"closed","template":"","meta":[],"product_cat":[36],"product_tag":[],"_links":{"self":[{"href":"https:\/\/www.laperlavalles.cat\/ca\/wp-json\/wp\/v2\/product\/180821"}],"collection":[{"href":"https:\/\/www.laperlavalles.cat\/ca\/wp-json\/wp\/v2\/product"}],"about":[{"href":"https:\/\/www.laperlavalles.cat\/ca\/wp-json\/wp\/v2\/types\/product"}],"replies":[{"embeddable":true,"href":"https:\/\/www.laperlavalles.cat\/ca\/wp-json\/wp\/v2\/comments?post=180821"}],"wp:featuredmedia":[{"embeddable":true,"href":"https:\/\/www.laperlavalles.cat\/ca\/wp-json\/wp\/v2\/media\/180817"}],"wp:attachment":[{"href":"https:\/\/www.laperlavalles.cat\/ca\/wp-json\/wp\/v2\/media?parent=180821"}],"wp:term":[{"taxonomy":"product_cat","embeddable":true,"href":"https:\/\/www.laperlavalles.cat\/ca\/wp-json\/wp\/v2\/product_cat?post=180821"},{"taxonomy":"product_tag","embeddable":true,"href":"https:\/\/www.laperlavalles.cat\/ca\/wp-json\/wp\/v2\/product_tag?post=180821"}],"curies":[{"name":"wp","href":"https:\/\/api.w.org\/{rel}","templated":true}]}}