{"id":181344,"date":"2025-02-28T07:59:51","date_gmt":"2025-02-28T06:59:58","guid":{"rendered":"https:\/\/www.laperlavalles.cat\/product\/caramel-masticableamb-sabor-de-tamarinde-picant-natcha\/"},"modified":"2025-03-03T13:40:52","modified_gmt":"2025-03-03T12:40:52","slug":"caramel-masticableamb-sabor-de-tamarinde-picant-natcha","status":"publish","type":"product","link":"https:\/\/www.laperlavalles.cat\/ca\/producte\/caramel-masticableamb-sabor-de-tamarinde-picant-natcha\/","title":{"rendered":"Caramel\u00a0masticableamb sabor de tamarinde picant Natcha"},"content":{"rendered":"<p>Chewy\u00a0Tamarind\u00a0Spicy\u00a0Flavor\u00a0\u00e9s un caramel\u00a0masticableamb sabor de tamarinde picant. \u00c9s un producte popular a Tail\u00e0ndia i altres pa\u00efsos del sud-est asi\u00e0tic. Est\u00e0 fet amb polpa de tamarinde real,\u00a0chile\u00a0i sucre, i t\u00e9 un sabor agredol\u00e7 i picant.<\/p>\n","protected":false},"excerpt":{"rendered":"<p>Chewy\u00a0Tamarind\u00a0Spicy\u00a0Flavor\u00a0\u00e9s un caramel\u00a0masticableamb sabor de tamarinde picant. \u00c9s un producte popular a Tail\u00e0ndia i altres pa\u00efsos del sud-est asi\u00e0tic. Est\u00e0 fet amb polpa de tamarinde real,\u00a0chile\u00a0i<span class=\"excerpt-hellip\"> [\u2026]<\/span><\/p>\n","protected":false},"featured_media":181336,"comment_status":"open","ping_status":"closed","template":"","meta":[],"product_cat":[8407,8511],"product_tag":[],"_links":{"self":[{"href":"https:\/\/www.laperlavalles.cat\/ca\/wp-json\/wp\/v2\/product\/181344"}],"collection":[{"href":"https:\/\/www.laperlavalles.cat\/ca\/wp-json\/wp\/v2\/product"}],"about":[{"href":"https:\/\/www.laperlavalles.cat\/ca\/wp-json\/wp\/v2\/types\/product"}],"replies":[{"embeddable":true,"href":"https:\/\/www.laperlavalles.cat\/ca\/wp-json\/wp\/v2\/comments?post=181344"}],"wp:featuredmedia":[{"embeddable":true,"href":"https:\/\/www.laperlavalles.cat\/ca\/wp-json\/wp\/v2\/media\/181336"}],"wp:attachment":[{"href":"https:\/\/www.laperlavalles.cat\/ca\/wp-json\/wp\/v2\/media?parent=181344"}],"wp:term":[{"taxonomy":"product_cat","embeddable":true,"href":"https:\/\/www.laperlavalles.cat\/ca\/wp-json\/wp\/v2\/product_cat?post=181344"},{"taxonomy":"product_tag","embeddable":true,"href":"https:\/\/www.laperlavalles.cat\/ca\/wp-json\/wp\/v2\/product_tag?post=181344"}],"curies":[{"name":"wp","href":"https:\/\/api.w.org\/{rel}","templated":true}]}}