{"id":181579,"date":"2025-02-28T08:16:53","date_gmt":"2025-02-28T07:16:53","guid":{"rendered":"https:\/\/www.laperlavalles.cat\/product\/dolc-masticable-de-tamarinde-amb-pruna-fet-amb-polpa-de-tamarinde-i-pruna-natcha-7\/"},"modified":"2025-02-28T08:16:53","modified_gmt":"2025-02-28T07:16:53","slug":"dolc-masticable-de-tamarinde-amb-pruna-fet-amb-polpa-de-tamarinde-i-pruna-natcha-7","status":"publish","type":"product","link":"https:\/\/www.laperlavalles.cat\/ca\/producte\/dolc-masticable-de-tamarinde-amb-pruna-fet-amb-polpa-de-tamarinde-i-pruna-natcha-7\/","title":{"rendered":"Dol\u00e7\u00a0masticable\u00a0de tamarinde amb pruna fet amb polpa de tamarinde i pruna Natcha"},"content":{"rendered":"<p>El\u00a0Tamarind\u00a0Ball\u00a0Plum\u00a0\u00e9s un dol\u00e7\u00a0masticable\u00a0de tamarinde amb pruna. \u00c9s un producte popular a Tail\u00e0ndia i altres pa\u00efsos del sud-est asi\u00e0tic. T\u00e9 un sabor agredol\u00e7 amb un toc afruitat de pruna que el fa alhora refrescant i delici\u00f3s.<\/p>\n","protected":false},"excerpt":{"rendered":"<p>El\u00a0Tamarind\u00a0Ball\u00a0Plum\u00a0\u00e9s un dol\u00e7\u00a0masticable\u00a0de tamarinde amb pruna. \u00c9s un producte popular a Tail\u00e0ndia i altres pa\u00efsos del sud-est asi\u00e0tic. T\u00e9 un sabor agredol\u00e7 amb un toc afruitat<span class=\"excerpt-hellip\"> [\u2026]<\/span><\/p>\n","protected":false},"featured_media":181575,"comment_status":"open","ping_status":"closed","template":"","meta":[],"product_cat":[8407,8511],"product_tag":[],"_links":{"self":[{"href":"https:\/\/www.laperlavalles.cat\/ca\/wp-json\/wp\/v2\/product\/181579"}],"collection":[{"href":"https:\/\/www.laperlavalles.cat\/ca\/wp-json\/wp\/v2\/product"}],"about":[{"href":"https:\/\/www.laperlavalles.cat\/ca\/wp-json\/wp\/v2\/types\/product"}],"replies":[{"embeddable":true,"href":"https:\/\/www.laperlavalles.cat\/ca\/wp-json\/wp\/v2\/comments?post=181579"}],"wp:featuredmedia":[{"embeddable":true,"href":"https:\/\/www.laperlavalles.cat\/ca\/wp-json\/wp\/v2\/media\/181575"}],"wp:attachment":[{"href":"https:\/\/www.laperlavalles.cat\/ca\/wp-json\/wp\/v2\/media?parent=181579"}],"wp:term":[{"taxonomy":"product_cat","embeddable":true,"href":"https:\/\/www.laperlavalles.cat\/ca\/wp-json\/wp\/v2\/product_cat?post=181579"},{"taxonomy":"product_tag","embeddable":true,"href":"https:\/\/www.laperlavalles.cat\/ca\/wp-json\/wp\/v2\/product_tag?post=181579"}],"curies":[{"name":"wp","href":"https:\/\/api.w.org\/{rel}","templated":true}]}}