{"id":181664,"date":"2025-02-28T08:21:02","date_gmt":"2025-02-28T07:21:02","guid":{"rendered":"https:\/\/www.laperlavalles.cat\/product\/dolc-masticable-de-tamarinde-fet-amb-polpa-de-tamarinde-amb-gingebre-natcha-3\/"},"modified":"2025-02-28T08:21:02","modified_gmt":"2025-02-28T07:21:02","slug":"dolc-masticable-de-tamarinde-fet-amb-polpa-de-tamarinde-amb-gingebre-natcha-3","status":"publish","type":"product","link":"https:\/\/www.laperlavalles.cat\/ca\/producte\/dolc-masticable-de-tamarinde-fet-amb-polpa-de-tamarinde-amb-gingebre-natcha-3\/","title":{"rendered":"Dol\u00e7\u00a0masticable\u00a0de tamarinde fet amb polpa de tamarinde amb Gingebre Natcha"},"content":{"rendered":"<p>Tamarind Ball Ginger \u00e9s un dol\u00e7 masticable de tamarinde fet amb polpa de tamarinde i gingebre. \u00c9s un producte popular a Tail\u00e0ndia i a altres pa\u00efsos del sud-est asi\u00e0tic.<\/p>\n","protected":false},"excerpt":{"rendered":"<p>Tamarind Ball Ginger \u00e9s un dol\u00e7 masticable de tamarinde fet amb polpa de tamarinde i gingebre. \u00c9s un producte popular a Tail\u00e0ndia i a altres pa\u00efsos<span class=\"excerpt-hellip\"> [\u2026]<\/span><\/p>\n","protected":false},"featured_media":181660,"comment_status":"open","ping_status":"closed","template":"","meta":[],"product_cat":[8407,8511],"product_tag":[],"_links":{"self":[{"href":"https:\/\/www.laperlavalles.cat\/ca\/wp-json\/wp\/v2\/product\/181664"}],"collection":[{"href":"https:\/\/www.laperlavalles.cat\/ca\/wp-json\/wp\/v2\/product"}],"about":[{"href":"https:\/\/www.laperlavalles.cat\/ca\/wp-json\/wp\/v2\/types\/product"}],"replies":[{"embeddable":true,"href":"https:\/\/www.laperlavalles.cat\/ca\/wp-json\/wp\/v2\/comments?post=181664"}],"wp:featuredmedia":[{"embeddable":true,"href":"https:\/\/www.laperlavalles.cat\/ca\/wp-json\/wp\/v2\/media\/181660"}],"wp:attachment":[{"href":"https:\/\/www.laperlavalles.cat\/ca\/wp-json\/wp\/v2\/media?parent=181664"}],"wp:term":[{"taxonomy":"product_cat","embeddable":true,"href":"https:\/\/www.laperlavalles.cat\/ca\/wp-json\/wp\/v2\/product_cat?post=181664"},{"taxonomy":"product_tag","embeddable":true,"href":"https:\/\/www.laperlavalles.cat\/ca\/wp-json\/wp\/v2\/product_tag?post=181664"}],"curies":[{"name":"wp","href":"https:\/\/api.w.org\/{rel}","templated":true}]}}