{"id":181714,"date":"2025-02-28T08:24:56","date_gmt":"2025-02-28T07:24:56","guid":{"rendered":"https:\/\/www.laperlavalles.cat\/product\/dolc-masticable-de-tamarinde-picant-fet-amb-polpa-de-tamarinde-i-xili-natcha-5\/"},"modified":"2025-02-28T08:24:56","modified_gmt":"2025-02-28T07:24:56","slug":"dolc-masticable-de-tamarinde-picant-fet-amb-polpa-de-tamarinde-i-xili-natcha-5","status":"publish","type":"product","link":"https:\/\/www.laperlavalles.cat\/ca\/producte\/dolc-masticable-de-tamarinde-picant-fet-amb-polpa-de-tamarinde-i-xili-natcha-5\/","title":{"rendered":"Dol\u00e7 masticable de tamarinde picant fet amb polpa de tamarinde i xili Natcha."},"content":{"rendered":"<p>El Tamarind Ball Spicy \u00e9s un dol\u00e7 masticable de tamarinde picant fet amb polpa de tamarinde i xili. \u00c9s un producte popular a Tail\u00e0ndia i a altres pa\u00efsos del sud-est asi\u00e0tic. T\u00e9 un sabor agredol\u00e7 amb un toc picant que el fa alhora refrescant i delici\u00f3s.<\/p>\n","protected":false},"excerpt":{"rendered":"<p>El Tamarind Ball Spicy \u00e9s un dol\u00e7 masticable de tamarinde picant fet amb polpa de tamarinde i xili. \u00c9s un producte popular a Tail\u00e0ndia i a<span class=\"excerpt-hellip\"> [\u2026]<\/span><\/p>\n","protected":false},"featured_media":181710,"comment_status":"open","ping_status":"closed","template":"","meta":[],"product_cat":[8407,8511],"product_tag":[],"_links":{"self":[{"href":"https:\/\/www.laperlavalles.cat\/ca\/wp-json\/wp\/v2\/product\/181714"}],"collection":[{"href":"https:\/\/www.laperlavalles.cat\/ca\/wp-json\/wp\/v2\/product"}],"about":[{"href":"https:\/\/www.laperlavalles.cat\/ca\/wp-json\/wp\/v2\/types\/product"}],"replies":[{"embeddable":true,"href":"https:\/\/www.laperlavalles.cat\/ca\/wp-json\/wp\/v2\/comments?post=181714"}],"wp:featuredmedia":[{"embeddable":true,"href":"https:\/\/www.laperlavalles.cat\/ca\/wp-json\/wp\/v2\/media\/181710"}],"wp:attachment":[{"href":"https:\/\/www.laperlavalles.cat\/ca\/wp-json\/wp\/v2\/media?parent=181714"}],"wp:term":[{"taxonomy":"product_cat","embeddable":true,"href":"https:\/\/www.laperlavalles.cat\/ca\/wp-json\/wp\/v2\/product_cat?post=181714"},{"taxonomy":"product_tag","embeddable":true,"href":"https:\/\/www.laperlavalles.cat\/ca\/wp-json\/wp\/v2\/product_tag?post=181714"}],"curies":[{"name":"wp","href":"https:\/\/api.w.org\/{rel}","templated":true}]}}