{"id":181779,"date":"2025-02-28T08:30:37","date_gmt":"2025-02-28T07:30:44","guid":{"rendered":"https:\/\/www.laperlavalles.cat\/product\/beguda-de-suc-de-melo-amb-nata-de-coco-coco-queen-320ml\/"},"modified":"2025-02-28T08:36:16","modified_gmt":"2025-02-28T07:36:16","slug":"beguda-de-suc-de-melo-amb-nata-de-coco-coco-queen-320ml","status":"publish","type":"product","link":"https:\/\/www.laperlavalles.cat\/ca\/producte\/beguda-de-suc-de-melo-amb-nata-de-coco-coco-queen-320ml\/","title":{"rendered":"BEGUDA DE SUC DE MEL\u00d3 AMB NATA DE COCO COCO QUEEN 320ML"},"content":{"rendered":"<p>Coco Queen \u00e9s una beguda que consisteix en aigua, suc de fruites i nata de coco. La nata de coco es produeix mitjan\u00e7ant la fermentaci\u00f3 de l&#8217;aigua de coco, formant petits cubs de suc de coco que li donen un aspecte gelatin\u00f3s i transl\u00facid. Perfecta per refrescar-te i gaudir!<\/p>\n","protected":false},"excerpt":{"rendered":"<p>Coco Queen \u00e9s una beguda que consisteix en aigua, suc de fruites i nata de coco. La nata de coco es produeix mitjan\u00e7ant la fermentaci\u00f3 de<span class=\"excerpt-hellip\"> [\u2026]<\/span><\/p>\n","protected":false},"featured_media":181771,"comment_status":"open","ping_status":"closed","template":"","meta":[],"product_cat":[8405,8528],"product_tag":[],"_links":{"self":[{"href":"https:\/\/www.laperlavalles.cat\/ca\/wp-json\/wp\/v2\/product\/181779"}],"collection":[{"href":"https:\/\/www.laperlavalles.cat\/ca\/wp-json\/wp\/v2\/product"}],"about":[{"href":"https:\/\/www.laperlavalles.cat\/ca\/wp-json\/wp\/v2\/types\/product"}],"replies":[{"embeddable":true,"href":"https:\/\/www.laperlavalles.cat\/ca\/wp-json\/wp\/v2\/comments?post=181779"}],"wp:featuredmedia":[{"embeddable":true,"href":"https:\/\/www.laperlavalles.cat\/ca\/wp-json\/wp\/v2\/media\/181771"}],"wp:attachment":[{"href":"https:\/\/www.laperlavalles.cat\/ca\/wp-json\/wp\/v2\/media?parent=181779"}],"wp:term":[{"taxonomy":"product_cat","embeddable":true,"href":"https:\/\/www.laperlavalles.cat\/ca\/wp-json\/wp\/v2\/product_cat?post=181779"},{"taxonomy":"product_tag","embeddable":true,"href":"https:\/\/www.laperlavalles.cat\/ca\/wp-json\/wp\/v2\/product_tag?post=181779"}],"curies":[{"name":"wp","href":"https:\/\/api.w.org\/{rel}","templated":true}]}}