{"id":182089,"date":"2025-02-28T09:20:37","date_gmt":"2025-02-28T08:20:44","guid":{"rendered":"https:\/\/www.laperlavalles.cat\/product\/maionesa-bama-473ml\/"},"modified":"2025-06-09T15:22:39","modified_gmt":"2025-06-09T13:22:39","slug":"maionesa-bama-473ml","status":"publish","type":"product","link":"https:\/\/www.laperlavalles.cat\/ca\/producte\/maionesa-bama-473ml\/","title":{"rendered":"MAIONESA BAMA 473ML"},"content":{"rendered":"<p>La maionesa Bama \u00e9s una marca de maionesa popular en el sud dels Estats Units. S&#8217;elabora amb oli de soia, ous, vinagre, sal i esp\u00e8cies. Bama \u00e9s coneguda pel seu sabor ric i crem\u00f3s, i s&#8217;utilitza sovint en sandvitxos, amanides i altres plats.<\/p>\n","protected":false},"excerpt":{"rendered":"<p>La maionesa Bama \u00e9s una marca de maionesa popular en el sud dels Estats Units. S&#8217;elabora amb oli de soia, ous, vinagre, sal i esp\u00e8cies. Bama<span class=\"excerpt-hellip\"> [\u2026]<\/span><\/p>\n","protected":false},"featured_media":182081,"comment_status":"open","ping_status":"closed","template":"","meta":[],"product_cat":[10617],"product_tag":[],"_links":{"self":[{"href":"https:\/\/www.laperlavalles.cat\/ca\/wp-json\/wp\/v2\/product\/182089"}],"collection":[{"href":"https:\/\/www.laperlavalles.cat\/ca\/wp-json\/wp\/v2\/product"}],"about":[{"href":"https:\/\/www.laperlavalles.cat\/ca\/wp-json\/wp\/v2\/types\/product"}],"replies":[{"embeddable":true,"href":"https:\/\/www.laperlavalles.cat\/ca\/wp-json\/wp\/v2\/comments?post=182089"}],"wp:featuredmedia":[{"embeddable":true,"href":"https:\/\/www.laperlavalles.cat\/ca\/wp-json\/wp\/v2\/media\/182081"}],"wp:attachment":[{"href":"https:\/\/www.laperlavalles.cat\/ca\/wp-json\/wp\/v2\/media?parent=182089"}],"wp:term":[{"taxonomy":"product_cat","embeddable":true,"href":"https:\/\/www.laperlavalles.cat\/ca\/wp-json\/wp\/v2\/product_cat?post=182089"},{"taxonomy":"product_tag","embeddable":true,"href":"https:\/\/www.laperlavalles.cat\/ca\/wp-json\/wp\/v2\/product_tag?post=182089"}],"curies":[{"name":"wp","href":"https:\/\/api.w.org\/{rel}","templated":true}]}}