{"id":182129,"date":"2025-02-28T09:31:52","date_gmt":"2025-02-28T08:31:58","guid":{"rendered":"https:\/\/www.laperlavalles.cat\/product\/tilapia-negre-filatejada\/"},"modified":"2025-06-05T13:41:57","modified_gmt":"2025-06-05T11:41:57","slug":"tilapia-negre-filatejada","status":"publish","type":"product","link":"https:\/\/www.laperlavalles.cat\/ca\/producte\/tilapia-negre-filatejada\/","title":{"rendered":"Tilapia negre filatejada"},"content":{"rendered":"<p>\u00c9s un tipus de peix d&#8217;aigua dol\u00e7a originari d&#8217;\u00c0frica. S&#8217;un peix blanc popular, coneguda por el seu sabor suau i textura signo. La\u00a0tilapia\u00a0negra s&#8217;uneixi bona font de prote\u00efnes i sota greixos, la qual cosa la converteix en una opci\u00f3 saludable per a les persones que busquen un menjar lleuger i nutritiu.<\/p>\n","protected":false},"excerpt":{"rendered":"<p>\u00c9s un tipus de peix d&#8217;aigua dol\u00e7a originari d&#8217;\u00c0frica. S&#8217;un peix blanc popular, coneguda por el seu sabor suau i textura signo. La\u00a0tilapia\u00a0negra s&#8217;uneixi bona font<span class=\"excerpt-hellip\"> [\u2026]<\/span><\/p>\n","protected":false},"featured_media":182121,"comment_status":"open","ping_status":"closed","template":"","meta":[],"product_cat":[8421,8535],"product_tag":[],"_links":{"self":[{"href":"https:\/\/www.laperlavalles.cat\/ca\/wp-json\/wp\/v2\/product\/182129"}],"collection":[{"href":"https:\/\/www.laperlavalles.cat\/ca\/wp-json\/wp\/v2\/product"}],"about":[{"href":"https:\/\/www.laperlavalles.cat\/ca\/wp-json\/wp\/v2\/types\/product"}],"replies":[{"embeddable":true,"href":"https:\/\/www.laperlavalles.cat\/ca\/wp-json\/wp\/v2\/comments?post=182129"}],"wp:featuredmedia":[{"embeddable":true,"href":"https:\/\/www.laperlavalles.cat\/ca\/wp-json\/wp\/v2\/media\/182121"}],"wp:attachment":[{"href":"https:\/\/www.laperlavalles.cat\/ca\/wp-json\/wp\/v2\/media?parent=182129"}],"wp:term":[{"taxonomy":"product_cat","embeddable":true,"href":"https:\/\/www.laperlavalles.cat\/ca\/wp-json\/wp\/v2\/product_cat?post=182129"},{"taxonomy":"product_tag","embeddable":true,"href":"https:\/\/www.laperlavalles.cat\/ca\/wp-json\/wp\/v2\/product_tag?post=182129"}],"curies":[{"name":"wp","href":"https:\/\/api.w.org\/{rel}","templated":true}]}}