{"id":182149,"date":"2025-02-28T09:40:37","date_gmt":"2025-02-28T08:40:44","guid":{"rendered":"https:\/\/www.laperlavalles.cat\/product\/confitura-madd-mangue-zena-400g\/"},"modified":"2025-02-28T20:29:39","modified_gmt":"2025-02-28T19:29:39","slug":"confitura-madd-mangue-zena-400g","status":"publish","type":"product","link":"https:\/\/www.laperlavalles.cat\/ca\/producte\/confitura-madd-mangue-zena-400g\/","title":{"rendered":"Confitura Madd + Mangue Zena 400g"},"content":{"rendered":"<p>Confitura Madd + Mangue \u00e9s una melmelada feta amb madd (Saba senegalensis) i mango, combinant el seu punt \u00e0cid i dol\u00e7<\/p>\n","protected":false},"excerpt":{"rendered":"<p>Confitura Madd + Mangue \u00e9s una melmelada feta amb madd (Saba senegalensis) i mango, combinant el seu punt \u00e0cid i dol\u00e7<\/p>\n","protected":false},"featured_media":182141,"comment_status":"open","ping_status":"closed","template":"","meta":[],"product_cat":[10617],"product_tag":[],"_links":{"self":[{"href":"https:\/\/www.laperlavalles.cat\/ca\/wp-json\/wp\/v2\/product\/182149"}],"collection":[{"href":"https:\/\/www.laperlavalles.cat\/ca\/wp-json\/wp\/v2\/product"}],"about":[{"href":"https:\/\/www.laperlavalles.cat\/ca\/wp-json\/wp\/v2\/types\/product"}],"replies":[{"embeddable":true,"href":"https:\/\/www.laperlavalles.cat\/ca\/wp-json\/wp\/v2\/comments?post=182149"}],"wp:featuredmedia":[{"embeddable":true,"href":"https:\/\/www.laperlavalles.cat\/ca\/wp-json\/wp\/v2\/media\/182141"}],"wp:attachment":[{"href":"https:\/\/www.laperlavalles.cat\/ca\/wp-json\/wp\/v2\/media?parent=182149"}],"wp:term":[{"taxonomy":"product_cat","embeddable":true,"href":"https:\/\/www.laperlavalles.cat\/ca\/wp-json\/wp\/v2\/product_cat?post=182149"},{"taxonomy":"product_tag","embeddable":true,"href":"https:\/\/www.laperlavalles.cat\/ca\/wp-json\/wp\/v2\/product_tag?post=182149"}],"curies":[{"name":"wp","href":"https:\/\/api.w.org\/{rel}","templated":true}]}}