{"id":182179,"date":"2025-02-28T09:44:19","date_gmt":"2025-02-28T08:44:19","guid":{"rendered":"https:\/\/www.laperlavalles.cat\/product\/confitura-madd-mangue-zena-400g-3\/"},"modified":"2025-02-28T09:44:19","modified_gmt":"2025-02-28T08:44:19","slug":"confitura-madd-mangue-zena-400g-3","status":"publish","type":"product","link":"https:\/\/www.laperlavalles.cat\/ca\/producte\/confitura-madd-mangue-zena-400g-3\/","title":{"rendered":"Confitura Madd + Mangue Zena 400g"},"content":{"rendered":"<p>Confitura Madd + Mangue \u00e9s una melmelada feta amb madd (Saba senegalensis) i mango, combinant el seu punt \u00e0cid i dol\u00e7<\/p>\n","protected":false},"excerpt":{"rendered":"<p>Confitura Madd + Mangue \u00e9s una melmelada feta amb madd (Saba senegalensis) i mango, combinant el seu punt \u00e0cid i dol\u00e7<\/p>\n","protected":false},"featured_media":182175,"comment_status":"open","ping_status":"closed","template":"","meta":[],"product_cat":[36],"product_tag":[],"_links":{"self":[{"href":"https:\/\/www.laperlavalles.cat\/ca\/wp-json\/wp\/v2\/product\/182179"}],"collection":[{"href":"https:\/\/www.laperlavalles.cat\/ca\/wp-json\/wp\/v2\/product"}],"about":[{"href":"https:\/\/www.laperlavalles.cat\/ca\/wp-json\/wp\/v2\/types\/product"}],"replies":[{"embeddable":true,"href":"https:\/\/www.laperlavalles.cat\/ca\/wp-json\/wp\/v2\/comments?post=182179"}],"wp:featuredmedia":[{"embeddable":true,"href":"https:\/\/www.laperlavalles.cat\/ca\/wp-json\/wp\/v2\/media\/182175"}],"wp:attachment":[{"href":"https:\/\/www.laperlavalles.cat\/ca\/wp-json\/wp\/v2\/media?parent=182179"}],"wp:term":[{"taxonomy":"product_cat","embeddable":true,"href":"https:\/\/www.laperlavalles.cat\/ca\/wp-json\/wp\/v2\/product_cat?post=182179"},{"taxonomy":"product_tag","embeddable":true,"href":"https:\/\/www.laperlavalles.cat\/ca\/wp-json\/wp\/v2\/product_tag?post=182179"}],"curies":[{"name":"wp","href":"https:\/\/api.w.org\/{rel}","templated":true}]}}